{"id":11026,"date":"2023-09-03T20:37:25","date_gmt":"2023-09-03T23:37:25","guid":{"rendered":"https:\/\/yestravel.us\/?page_id=11026"},"modified":"2024-08-02T16:16:31","modified_gmt":"2024-08-02T19:16:31","slug":"bahia-principe-grand-la-romana","status":"publish","type":"page","link":"https:\/\/yestravel.us\/en\/bahia-principe-grand-la-romana\/","title":{"rendered":"Bahia Principe Grand La Romana"},"content":{"rendered":"<div data-elementor-type=\"wp-page\" data-elementor-id=\"11026\" class=\"elementor elementor-11026\" data-elementor-settings=\"{&quot;ha_cmc_init_switcher&quot;:&quot;no&quot;}\" data-elementor-post-type=\"page\">\n\t\t\t\t\t\t<section class=\"elementor-section elementor-top-section elementor-element elementor-element-5b08c151 elementor-section-height-min-height elementor-section-boxed elementor-section-height-default elementor-section-items-middle\" data-id=\"5b08c151\" data-element_type=\"section\" data-e-type=\"section\" data-settings=\"{&quot;background_background&quot;:&quot;classic&quot;,&quot;_ha_eqh_enable&quot;:false,&quot;ekit_has_onepagescroll_dot&quot;:&quot;yes&quot;}\">\n\t\t\t\t\t\t\t<div class=\"elementor-background-overlay\"><\/div>\n\t\t\t\t\t\t\t<div class=\"elementor-container elementor-column-gap-default\">\n\t\t\t\t\t<div class=\"elementor-column elementor-col-100 elementor-top-column elementor-element elementor-element-14e14847\" data-id=\"14e14847\" data-element_type=\"column\" data-e-type=\"column\">\n\t\t\t<div class=\"elementor-widget-wrap elementor-element-populated\">\n\t\t\t\t\t\t<div class=\"elementor-element elementor-element-6657730c elementor-widget__width-initial elementor-widget elementor-widget-heading\" data-id=\"6657730c\" data-element_type=\"widget\" data-e-type=\"widget\" data-settings=\"{&quot;ekit_we_effect_on&quot;:&quot;none&quot;}\" data-widget_type=\"heading.default\">\n\t\t\t\t<div class=\"elementor-widget-container\">\n\t\t\t\t\t<h1 class=\"elementor-heading-title elementor-size-default\">Bahia Principe Grand La Romana<\/h1>\t\t\t\t<\/div>\n\t\t\t\t<\/div>\n\t\t\t\t\t<\/div>\n\t\t<\/div>\n\t\t\t\t\t<\/div>\n\t\t<\/section>\n\t\t\t\t<section class=\"elementor-section elementor-top-section elementor-element elementor-element-3f05351a elementor-section-full_width elementor-section-height-default elementor-section-height-default\" data-id=\"3f05351a\" data-element_type=\"section\" data-e-type=\"section\" data-settings=\"{&quot;background_background&quot;:&quot;classic&quot;,&quot;_ha_eqh_enable&quot;:false,&quot;ekit_has_onepagescroll_dot&quot;:&quot;yes&quot;}\">\n\t\t\t\t\t\t<div class=\"elementor-container elementor-column-gap-default\">\n\t\t\t\t\t<div class=\"elementor-column elementor-col-50 elementor-top-column elementor-element elementor-element-5b76776f animated-fast elementor-invisible\" data-id=\"5b76776f\" data-element_type=\"column\" data-e-type=\"column\" data-settings=\"{&quot;animation&quot;:&quot;fadeInLeft&quot;}\">\n\t\t\t<div class=\"elementor-widget-wrap elementor-element-populated\">\n\t\t\t\t\t\t<div class=\"elementor-element elementor-element-4b5ce974 elementor-widget elementor-widget-text-editor\" data-id=\"4b5ce974\" data-element_type=\"widget\" data-e-type=\"widget\" data-settings=\"{&quot;ekit_we_effect_on&quot;:&quot;none&quot;}\" data-widget_type=\"text-editor.default\">\n\t\t\t\t<div class=\"elementor-widget-container\">\n\t\t\t\t\t\t\t\t\t<p>The Bah\u00eda Pr\u00edncipe Grand Hotel in La Romana, Dominican Republic, is a magnificent resort that offers you an exceptional experience during your Caribbean vacation. Situated in a paradisiacal tropical setting, this luxury complex provides everything you need to enjoy an unforgettable holiday in one of the most beautiful areas of the region.<\/p><p>The Bah\u00eda Pr\u00edncipe Grand stands out for its architectural beauty and elegant design, which blends seamlessly with the natural surroundings. From the moment you arrive, you will be surprised with a warm welcome and friendly, attentive service from the staff, who strive to make your stay a memorable experience.<\/p>\t\t\t\t\t\t\t\t<\/div>\n\t\t\t\t<\/div>\n\t\t\t\t\t<\/div>\n\t\t<\/div>\n\t\t\t\t<div class=\"elementor-column elementor-col-50 elementor-top-column elementor-element elementor-element-5d3f010b animated-fast elementor-invisible\" data-id=\"5d3f010b\" data-element_type=\"column\" data-e-type=\"column\" data-settings=\"{&quot;animation&quot;:&quot;fadeInLeft&quot;}\">\n\t\t\t<div class=\"elementor-widget-wrap elementor-element-populated\">\n\t\t\t\t\t\t<div class=\"elementor-element elementor-element-6793cf39 elementor-widget elementor-widget-image\" data-id=\"6793cf39\" data-element_type=\"widget\" data-e-type=\"widget\" data-settings=\"{&quot;ekit_we_effect_on&quot;:&quot;none&quot;}\" data-widget_type=\"image.default\">\n\t\t\t\t<div class=\"elementor-widget-container\">\n\t\t\t\t\t\t\t\t\t\t\t\t\t\t\t<img decoding=\"async\" src=\"https:\/\/scontent.faep24-2.fna.fbcdn.net\/v\/t39.30808-6\/309674202_474467111392584_1512361114306611074_n.png?_nc_cat=108&#038;ccb=1-7&#038;_nc_sid=a2f6c7&#038;_nc_ohc=xAP6oZ8LYfcAX88cDWe&#038;_nc_ht=scontent.faep24-2.fna&#038;oh=00_AfCpzLzib98tkqBfE3AOnRJHDBpT5WtS6--wzGk8G7RGzg&#038;oe=64FAED75\" title=\"\" alt=\"\" loading=\"lazy\" \/>\t\t\t\t\t\t\t\t\t\t\t\t\t\t\t<\/div>\n\t\t\t\t<\/div>\n\t\t\t\t\t<\/div>\n\t\t<\/div>\n\t\t\t\t\t<\/div>\n\t\t<\/section>\n\t\t\t\t<section class=\"elementor-section elementor-top-section elementor-element elementor-element-7fe80242 elementor-section-height-min-height elementor-section-boxed elementor-section-height-default elementor-section-items-middle\" data-id=\"7fe80242\" data-element_type=\"section\" data-e-type=\"section\" data-settings=\"{&quot;background_background&quot;:&quot;classic&quot;,&quot;_ha_eqh_enable&quot;:false,&quot;ekit_has_onepagescroll_dot&quot;:&quot;yes&quot;}\">\n\t\t\t\t\t\t\t<div class=\"elementor-background-overlay\"><\/div>\n\t\t\t\t\t\t\t<div class=\"elementor-container elementor-column-gap-default\">\n\t\t\t\t\t<div class=\"elementor-column elementor-col-100 elementor-top-column elementor-element elementor-element-772533ca\" data-id=\"772533ca\" data-element_type=\"column\" data-e-type=\"column\">\n\t\t\t<div class=\"elementor-widget-wrap elementor-element-populated\">\n\t\t\t\t\t\t<div class=\"elementor-element elementor-element-2cbadad3 elementor-widget elementor-widget-heading\" data-id=\"2cbadad3\" data-element_type=\"widget\" data-e-type=\"widget\" data-settings=\"{&quot;ekit_we_effect_on&quot;:&quot;none&quot;}\" data-widget_type=\"heading.default\">\n\t\t\t\t<div class=\"elementor-widget-container\">\n\t\t\t\t\t<h2 class=\"elementor-heading-title elementor-size-default\">Get in touch with us to help you plan your next trip<\/h2>\t\t\t\t<\/div>\n\t\t\t\t<\/div>\n\t\t\t\t<div data-ha-element-link=\"{&quot;url&quot;:&quot;https:\\\/\\\/yestravel.us\\\/en\\\/consultar\\\/&quot;,&quot;is_external&quot;:&quot;&quot;,&quot;nofollow&quot;:&quot;&quot;}\" style=\"cursor: pointer\" class=\"elementor-element elementor-element-24e75c6b elementor-widget elementor-widget-ha-creative-button happy-addon ha-creative-button\" data-id=\"24e75c6b\" data-element_type=\"widget\" data-e-type=\"widget\" data-settings=\"{&quot;ekit_we_effect_on&quot;:&quot;none&quot;}\" data-widget_type=\"ha-creative-button.default\">\n\t\t\t\t<div class=\"elementor-widget-container\">\n\t\t\t\t\t\t\t<div data-magnetic=\"no\" class=\"ha-creative-btn-wrap\">\n\t\t\t<a class=\"ha-creative-btn ha-stl--hermosa ha-eft--upward\" href=\"https:\/\/yestravel.us\/en\/consultar\/\" rel=\"nofollow\"><span>Consult<\/span><\/a>\n\t\t<\/div>\t\t\t\t<\/div>\n\t\t\t\t<\/div>\n\t\t\t\t\t<\/div>\n\t\t<\/div>\n\t\t\t\t\t<\/div>\n\t\t<\/section>\n\t\t\t\t<\/div>","protected":false},"excerpt":{"rendered":"<p>Bahia Principe Grand La Romana El hotel Bah\u00eda Pr\u00edncipe Grand en La Romana, Rep\u00fablica Dominicana, es un magn\u00edfico resort que te ofrece una experiencia excepcional durante tus vacaciones en el Caribe. Situado en un entorno tropical paradis\u00edaco, este complejo de lujo te brinda todo lo necesario para disfrutar de unas vacaciones inolvidables en una de [&hellip;]<\/p>\n","protected":false},"author":1,"featured_media":0,"parent":0,"menu_order":0,"comment_status":"closed","ping_status":"closed","template":"","meta":{"site-sidebar-layout":"no-sidebar","site-content-layout":"page-builder","ast-site-content-layout":"default","site-content-style":"unboxed","site-sidebar-style":"default","ast-global-header-display":"","ast-banner-title-visibility":"","ast-main-header-display":"","ast-hfb-above-header-display":"","ast-hfb-below-header-display":"","ast-hfb-mobile-header-display":"","site-post-title":"disabled","ast-breadcrumbs-content":"","ast-featured-img":"disabled","footer-sml-layout":"","ast-disable-related-posts":"","theme-transparent-header-meta":"enabled","adv-header-id-meta":"","stick-header-meta":"enabled","header-above-stick-meta":"","header-main-stick-meta":"","header-below-stick-meta":"","astra-migrate-meta-layouts":"set","ast-page-background-enabled":"default","ast-page-background-meta":{"desktop":{"background-color":"","background-image":"","background-repeat":"repeat","background-position":"center center","background-size":"auto","background-attachment":"scroll","background-type":"","background-media":"","overlay-type":"","overlay-color":"","overlay-opacity":"","overlay-gradient":""},"tablet":{"background-color":"","background-image":"","background-repeat":"repeat","background-position":"center center","background-size":"auto","background-attachment":"scroll","background-type":"","background-media":"","overlay-type":"","overlay-color":"","overlay-opacity":"","overlay-gradient":""},"mobile":{"background-color":"","background-image":"","background-repeat":"repeat","background-position":"center center","background-size":"auto","background-attachment":"scroll","background-type":"","background-media":"","overlay-type":"","overlay-color":"","overlay-opacity":"","overlay-gradient":""}},"ast-content-background-meta":{"desktop":{"background-color":"var(--ast-global-color-5)","background-image":"","background-repeat":"repeat","background-position":"center center","background-size":"auto","background-attachment":"scroll","background-type":"","background-media":"","overlay-type":"","overlay-color":"","overlay-opacity":"","overlay-gradient":""},"tablet":{"background-color":"var(--ast-global-color-5)","background-image":"","background-repeat":"repeat","background-position":"center center","background-size":"auto","background-attachment":"scroll","background-type":"","background-media":"","overlay-type":"","overlay-color":"","overlay-opacity":"","overlay-gradient":""},"mobile":{"background-color":"var(--ast-global-color-5)","background-image":"","background-repeat":"repeat","background-position":"center center","background-size":"auto","background-attachment":"scroll","background-type":"","background-media":"","overlay-type":"","overlay-color":"","overlay-opacity":"","overlay-gradient":""}},"_joinchat":[],"footnotes":""},"class_list":["post-11026","page","type-page","status-publish","hentry"],"_links":{"self":[{"href":"https:\/\/yestravel.us\/en\/wp-json\/wp\/v2\/pages\/11026","targetHints":{"allow":["GET"]}}],"collection":[{"href":"https:\/\/yestravel.us\/en\/wp-json\/wp\/v2\/pages"}],"about":[{"href":"https:\/\/yestravel.us\/en\/wp-json\/wp\/v2\/types\/page"}],"author":[{"embeddable":true,"href":"https:\/\/yestravel.us\/en\/wp-json\/wp\/v2\/users\/1"}],"replies":[{"embeddable":true,"href":"https:\/\/yestravel.us\/en\/wp-json\/wp\/v2\/comments?post=11026"}],"version-history":[{"count":19,"href":"https:\/\/yestravel.us\/en\/wp-json\/wp\/v2\/pages\/11026\/revisions"}],"predecessor-version":[{"id":16086,"href":"https:\/\/yestravel.us\/en\/wp-json\/wp\/v2\/pages\/11026\/revisions\/16086"}],"wp:attachment":[{"href":"https:\/\/yestravel.us\/en\/wp-json\/wp\/v2\/media?parent=11026"}],"curies":[{"name":"wp","href":"https:\/\/api.w.org\/{rel}","templated":true}]}}