{"id":14161,"date":"2024-07-05T13:09:48","date_gmt":"2024-07-05T16:09:48","guid":{"rendered":"https:\/\/yestravel.us\/?page_id=14161"},"modified":"2025-09-02T15:16:06","modified_gmt":"2025-09-02T18:16:06","slug":"circuitos-europa","status":"publish","type":"page","link":"https:\/\/yestravel.us\/en\/circuitos-europa\/","title":{"rendered":"Circuito Europa"},"content":{"rendered":"<div data-elementor-type=\"wp-page\" data-elementor-id=\"14161\" class=\"elementor elementor-14161\" data-elementor-post-type=\"page\">\n\t\t\t\t<div data-particle_enable=\"false\" data-particle-mobile-disabled=\"false\" class=\"elementor-element elementor-element-fd27764 e-flex e-con-boxed e-con e-parent\" data-id=\"fd27764\" data-element_type=\"container\" data-settings=\"{&quot;background_background&quot;:&quot;classic&quot;,&quot;ekit_has_onepagescroll_dot&quot;:&quot;yes&quot;}\">\n\t\t\t\t\t<div class=\"e-con-inner\">\n\t\t<div data-particle_enable=\"false\" data-particle-mobile-disabled=\"false\" class=\"elementor-element elementor-element-46b8000 e-con-full e-flex e-con e-child\" data-id=\"46b8000\" data-element_type=\"container\" data-settings=\"{&quot;ekit_has_onepagescroll_dot&quot;:&quot;yes&quot;}\">\n\t\t\t\t<div class=\"elementor-element elementor-element-d58092d elementor-widget__width-initial elementor-widget elementor-widget-heading\" data-id=\"d58092d\" data-element_type=\"widget\" data-settings=\"{&quot;ekit_we_effect_on&quot;:&quot;none&quot;}\" data-widget_type=\"heading.default\">\n\t\t\t\t<div class=\"elementor-widget-container\">\n\t\t\t<style>\/*! elementor - v3.23.0 - 05-08-2024 *\/\n.elementor-heading-title{padding:0;margin:0;line-height:1}.elementor-widget-heading .elementor-heading-title[class*=elementor-size-]>a{color:inherit;font-size:inherit;line-height:inherit}.elementor-widget-heading .elementor-heading-title.elementor-size-small{font-size:15px}.elementor-widget-heading .elementor-heading-title.elementor-size-medium{font-size:19px}.elementor-widget-heading .elementor-heading-title.elementor-size-large{font-size:29px}.elementor-widget-heading .elementor-heading-title.elementor-size-xl{font-size:39px}.elementor-widget-heading .elementor-heading-title.elementor-size-xxl{font-size:59px}<\/style><h1 class=\"elementor-heading-title elementor-size-default\">Europe<\/h1>\t\t<\/div>\n\t\t\t\t<\/div>\n\t\t\t\t<\/div>\n\t\t\t\t\t<\/div>\n\t\t\t\t<\/div>\n\t\t<div data-particle_enable=\"false\" data-particle-mobile-disabled=\"false\" class=\"elementor-element elementor-element-02535d3 e-con-full e-flex e-con e-parent\" data-id=\"02535d3\" data-element_type=\"container\" data-settings=\"{&quot;ekit_has_onepagescroll_dot&quot;:&quot;yes&quot;}\">\n\t\t<div data-particle_enable=\"false\" data-particle-mobile-disabled=\"false\" class=\"elementor-element elementor-element-6328704 e-flex e-con-boxed e-con e-child\" data-id=\"6328704\" data-element_type=\"container\" data-settings=\"{&quot;ekit_has_onepagescroll_dot&quot;:&quot;yes&quot;}\">\n\t\t\t\t\t<div class=\"e-con-inner\">\n\t\t\t\t<div class=\"elementor-element elementor-element-c49aef6 elementor-widget__width-inherit elementor-widget elementor-widget-text-editor\" data-id=\"c49aef6\" data-element_type=\"widget\" data-settings=\"{&quot;ekit_we_effect_on&quot;:&quot;none&quot;}\" data-widget_type=\"text-editor.default\">\n\t\t\t\t<div class=\"elementor-widget-container\">\n\t\t\t<style>\/*! elementor - v3.23.0 - 05-08-2024 *\/\n.elementor-widget-text-editor.elementor-drop-cap-view-stacked .elementor-drop-cap{background-color:#69727d;color:#fff}.elementor-widget-text-editor.elementor-drop-cap-view-framed .elementor-drop-cap{color:#69727d;border:3px solid;background-color:transparent}.elementor-widget-text-editor:not(.elementor-drop-cap-view-default) .elementor-drop-cap{margin-top:8px}.elementor-widget-text-editor:not(.elementor-drop-cap-view-default) .elementor-drop-cap-letter{width:1em;height:1em}.elementor-widget-text-editor .elementor-drop-cap{float:left;text-align:center;line-height:1;font-size:50px}.elementor-widget-text-editor .elementor-drop-cap-letter{display:inline-block}<\/style>\t\t\t\t<p>Europe, a continent rich in history and cultural diversity, is a must-see destination for any traveler.\u00a0<span style=\"font-style: inherit; font-weight: inherit; color: var( --e-global-color-text ); text-align: var(--text-align); background-color: var(--ast-global-color-4);\">Desde los majestuosos castillos de Alemania hasta las pintorescas calles de Par\u00eds, cada rinc\u00f3n te ofrece una experiencia \u00fanica.\u00a0<\/span><span style=\"font-style: inherit; font-weight: inherit; color: var( --e-global-color-text ); text-align: var(--text-align); background-color: var(--ast-global-color-4);\">Disfruta de la gastronom\u00eda italiana, explora los paisajes escoceses, y descubre la vibrante vida nocturna de ciudades como Madrid y Londres.\u00a0<\/span><\/p><p><span style=\"font-style: inherit; font-weight: inherit; color: var( --e-global-color-text ); text-align: var(--text-align); background-color: var(--ast-global-color-4);\">With its blend of tradition and modernity, Europe is the perfect place to experience unforgettable adventures and immerse yourself in a mosaic of cultures and stunning landscapes.<\/span><\/p>\t\t\t\t\t\t<\/div>\n\t\t\t\t<\/div>\n\t\t\t\t<div class=\"elementor-element elementor-element-c02e930 elementor-widget-divider--view-line elementor-widget elementor-widget-divider\" data-id=\"c02e930\" data-element_type=\"widget\" data-settings=\"{&quot;ekit_we_effect_on&quot;:&quot;none&quot;}\" data-widget_type=\"divider.default\">\n\t\t\t\t<div class=\"elementor-widget-container\">\n\t\t\t<style>\/*! elementor - v3.23.0 - 05-08-2024 *\/\n.elementor-widget-divider{--divider-border-style:none;--divider-border-width:1px;--divider-color:#0c0d0e;--divider-icon-size:20px;--divider-element-spacing:10px;--divider-pattern-height:24px;--divider-pattern-size:20px;--divider-pattern-url:none;--divider-pattern-repeat:repeat-x}.elementor-widget-divider .elementor-divider{display:flex}.elementor-widget-divider .elementor-divider__text{font-size:15px;line-height:1;max-width:95%}.elementor-widget-divider .elementor-divider__element{margin:0 var(--divider-element-spacing);flex-shrink:0}.elementor-widget-divider .elementor-icon{font-size:var(--divider-icon-size)}.elementor-widget-divider .elementor-divider-separator{display:flex;margin:0;direction:ltr}.elementor-widget-divider--view-line_icon .elementor-divider-separator,.elementor-widget-divider--view-line_text .elementor-divider-separator{align-items:center}.elementor-widget-divider--view-line_icon .elementor-divider-separator:after,.elementor-widget-divider--view-line_icon .elementor-divider-separator:before,.elementor-widget-divider--view-line_text .elementor-divider-separator:after,.elementor-widget-divider--view-line_text .elementor-divider-separator:before{display:block;content:\"\";border-block-end:0;flex-grow:1;border-block-start:var(--divider-border-width) var(--divider-border-style) var(--divider-color)}.elementor-widget-divider--element-align-left .elementor-divider .elementor-divider-separator>.elementor-divider__svg:first-of-type{flex-grow:0;flex-shrink:100}.elementor-widget-divider--element-align-left .elementor-divider-separator:before{content:none}.elementor-widget-divider--element-align-left .elementor-divider__element{margin-left:0}.elementor-widget-divider--element-align-right .elementor-divider .elementor-divider-separator>.elementor-divider__svg:last-of-type{flex-grow:0;flex-shrink:100}.elementor-widget-divider--element-align-right .elementor-divider-separator:after{content:none}.elementor-widget-divider--element-align-right .elementor-divider__element{margin-right:0}.elementor-widget-divider--element-align-start .elementor-divider .elementor-divider-separator>.elementor-divider__svg:first-of-type{flex-grow:0;flex-shrink:100}.elementor-widget-divider--element-align-start .elementor-divider-separator:before{content:none}.elementor-widget-divider--element-align-start .elementor-divider__element{margin-inline-start:0}.elementor-widget-divider--element-align-end .elementor-divider .elementor-divider-separator>.elementor-divider__svg:last-of-type{flex-grow:0;flex-shrink:100}.elementor-widget-divider--element-align-end .elementor-divider-separator:after{content:none}.elementor-widget-divider--element-align-end .elementor-divider__element{margin-inline-end:0}.elementor-widget-divider:not(.elementor-widget-divider--view-line_text):not(.elementor-widget-divider--view-line_icon) .elementor-divider-separator{border-block-start:var(--divider-border-width) var(--divider-border-style) var(--divider-color)}.elementor-widget-divider--separator-type-pattern{--divider-border-style:none}.elementor-widget-divider--separator-type-pattern.elementor-widget-divider--view-line .elementor-divider-separator,.elementor-widget-divider--separator-type-pattern:not(.elementor-widget-divider--view-line) .elementor-divider-separator:after,.elementor-widget-divider--separator-type-pattern:not(.elementor-widget-divider--view-line) .elementor-divider-separator:before,.elementor-widget-divider--separator-type-pattern:not([class*=elementor-widget-divider--view]) .elementor-divider-separator{width:100%;min-height:var(--divider-pattern-height);-webkit-mask-size:var(--divider-pattern-size) 100%;mask-size:var(--divider-pattern-size) 100%;-webkit-mask-repeat:var(--divider-pattern-repeat);mask-repeat:var(--divider-pattern-repeat);background-color:var(--divider-color);-webkit-mask-image:var(--divider-pattern-url);mask-image:var(--divider-pattern-url)}.elementor-widget-divider--no-spacing{--divider-pattern-size:auto}.elementor-widget-divider--bg-round{--divider-pattern-repeat:round}.rtl .elementor-widget-divider .elementor-divider__text{direction:rtl}.e-con-inner>.elementor-widget-divider,.e-con>.elementor-widget-divider{width:var(--container-widget-width,100%);--flex-grow:var(--container-widget-flex-grow)}<\/style>\t\t<div class=\"elementor-divider\">\n\t\t\t<span class=\"elementor-divider-separator\">\n\t\t\t\t\t\t<\/span>\n\t\t<\/div>\n\t\t\t\t<\/div>\n\t\t\t\t<\/div>\n\t\t\t\t\t<\/div>\n\t\t\t\t<\/div>\n\t\t<div data-particle_enable=\"false\" data-particle-mobile-disabled=\"false\" class=\"elementor-element elementor-element-b8da558 e-con-full e-flex e-con e-child\" data-id=\"b8da558\" data-element_type=\"container\" data-settings=\"{&quot;ekit_has_onepagescroll_dot&quot;:&quot;yes&quot;}\">\n\t\t\t\t<div class=\"elementor-element elementor-element-6017b3e elementor-widget elementor-widget-html\" data-id=\"6017b3e\" data-element_type=\"widget\" data-settings=\"{&quot;ekit_we_effect_on&quot;:&quot;none&quot;}\" data-widget_type=\"html.default\">\n\t\t\t\t<div class=\"elementor-widget-container\">\n\t\t\t<!DOCTYPE html>\r\n<html lang=\"es\">\r\n<head>\r\n  <meta charset=\"UTF-8\" \/>\r\n  <meta name=\"viewport\" content=\"width=device-width, initial-scale=1.0\"\/>\r\n  <title>Tours en Europa<\/title>\r\n  <link href=\"https:\/\/fonts.googleapis.com\/css2?family=Noto+Sans:wght@400;600;700&display=swap\" rel=\"stylesheet\">\r\n  <style>\r\n    body { font-family: 'Noto Sans', sans-serif; box-sizing: border-box; }\r\n    *, *::before, *::after { box-sizing: inherit; }\r\n\r\n    .country-tabs { display:flex; flex-wrap:wrap; justify-content:center; margin-bottom:20px; padding:0 10px; }\r\n    .country-tabs button {\r\n      padding:10px 20px; font-size:16px; border:0; cursor:pointer; background:#E2081E;\r\n      margin:5px; border-radius:30px; color:#fff; transition:background-color .3s, color .3s;\r\n    }\r\n    .country-tabs button.active { background:#000; color:#fff; }\r\n\r\n    .country-content { display:none; text-align:center; }\r\n    .country-content.active { display:flex; flex-wrap:wrap; justify-content:center; }\r\n\r\n    .card {\r\n      border:1px solid #ccc; border-radius:10px; overflow:hidden; margin:20px;\r\n      width:100%; max-width:340px; text-align:left; display:flex; flex-direction:column; height:100%;\r\n    }\r\n    .card img { width:100%; height:200px; object-fit:cover; }\r\n    .card-content { padding:20px; }\r\n    .card-title { font-size:22px !important; }\r\n\r\n    .btn, .btn-black {\r\n      padding:10px 20px; text-decoration:none; border-radius:5px; display:inline-block; margin-top:10px; color:#fff;\r\n    }\r\n    .btn { background:#E2081E; }\r\n    .btn-black { background:#000; }\r\n    .btn:hover, .btn-black:hover, .btn:focus, .btn-black:focus { color:#fff; }\r\n\r\n    .container-buttons { display:flex; justify-content:center; align-items:center; gap:10px; }\r\n\r\n    @media (max-width: 768px) {\r\n      .country-tabs button { font-size:16px; padding:8px 16px; }\r\n      .card { max-width:100%; }\r\n    }\r\n    @media (max-width: 480px) {\r\n      .country-tabs button { font-size:16px; padding:6px 12px; }\r\n      .card { margin:10px; }\r\n    }\r\n  <\/style>\r\n<\/head>\r\n<body>\r\n  <div class=\"country-tabs\" role=\"tablist\" aria-label=\"Pa\u00edses\">\r\n    <button class=\"active\" role=\"tab\" aria-selected=\"true\" data-target=\"francia-belgica-holanda\">France | Belgium | Holland<\/button>\r\n    <button role=\"tab\" aria-selected=\"false\" data-target=\"espana-italia\">Espa\u00f1a | Italia<\/button>\r\n    <button role=\"tab\" aria-selected=\"false\" data-target=\"espana\">Spain<\/button>\r\n    <button role=\"tab\" aria-selected=\"false\" data-target=\"espana-portugal\">Spain | Portugal<\/button>\r\n    <button role=\"tab\" aria-selected=\"false\" data-target=\"italia\">Italy<\/button>\r\n    <!-- Nuevas pesta\u00f1as -->\r\n    <button role=\"tab\" aria-selected=\"false\" data-target=\"francia-alemania-holanda-suiza-italia\">Francia | Alemania | Holanda | Suiza | Italia<\/button>\r\n    <button role=\"tab\" aria-selected=\"false\" data-target=\"austria-republica-checa-hungria\">Austria | Rep\u00fablica Checa | Hungr\u00eda<\/button>\r\n  <\/div>\r\n\r\n  <div id=\"francia-belgica-holanda\" class=\"country-content active\" role=\"tabpanel\" aria-label=\"Francia, B\u00e9lgica y Holanda\"><\/div>\r\n  <div id=\"espana-italia\" class=\"country-content\" role=\"tabpanel\" aria-label=\"Espa\u00f1a e Italia\"><\/div>\r\n  <div id=\"espana\" class=\"country-content\" role=\"tabpanel\" aria-label=\"Spain\"><\/div>\r\n  <div id=\"espana-portugal\" class=\"country-content\" role=\"tabpanel\" aria-label=\"Espa\u00f1a y Portugal\"><\/div>\r\n  <div id=\"italia\" class=\"country-content\" role=\"tabpanel\" aria-label=\"Italy\"><\/div>\r\n  <!-- Nuevos contenedores -->\r\n  <div id=\"francia-alemania-holanda-suiza-italia\" class=\"country-content\" role=\"tabpanel\" aria-label=\"Francia, Alemania, Holanda, Suiza e Italia\"><\/div>\r\n  <div id=\"austria-republica-checa-hungria\" class=\"country-content\" role=\"tabpanel\" aria-label=\"Austria, Rep\u00fablica Checa y Hungr\u00eda\"><\/div>\r\n\r\n  <script>\r\n    \/\/ Datos\r\n    const tours = {\r\n      \"francia-belgica-holanda\": [\r\n        {\r\n          \"nombre\": \"Europa So\u00f1ada desde Londres y Par\u00eds\",\r\n          \"c\u00f3digo\": \"OC328\",\r\n          \"duraci\u00f3n\": \"9 d\u00edas\",\r\n          \"precio\": \"1180$\",\r\n          \"link\": \"https:\/\/www.mapaplus.com\/product?productCode=IT25T-OC328&fareCode=NORMAL&packageCode=IT25T-OC328&stayCode=8N&beginDate=04\/09\/2025\",\r\n          \"catalogo\": \"https:\/\/almacen.mapaplus.com\/web\/2025\/Contenido\/PDF\/Pdfs_individuales_Mapaplus\/080_Europa%20Soada%20desde%20Londres%20y%20ParisLondres%20Pars%20Pases%20Bajos%20El%20Rin_2025.pdf\",\r\n          \"fechas\": \"Del 04\/09\/2025 al 08\/05\/2026\",\r\n          \"imagen\": \"https:\/\/static.mapagrouptravel.com\/94215.JPG\",\r\n          \"ciudades\": \"Paris, Bruselas, Gante, Brujas, Amberes, La Haya, Amsterdam\"\r\n        }\r\n      ],\r\n      \"espana-italia\": [\r\n        {\r\n          \"nombre\": \"Mini Circuito Europa Estilo MP 2\",\r\n          \"c\u00f3digo\": \"OC202\",\r\n          \"duraci\u00f3n\": \"9 d\u00edas\",\r\n          \"precio\": \"1250$\",\r\n          \"link\": \"https:\/\/www.mapaplus.com\/product?productCode=IT25T-OC202&fareCode=NORMAL&packageCode=IT25T-OC202&stayCode=8N&beginDate=04\/09\/2025\",\r\n          \"catalogo\": \"https:\/\/almacen.mapaplus.com\/web\/2025\/Contenido\/PDF\/Pdfs_individuales_Mapaplus\/059_Mini%20Circuito%20Europa%20Estilo%20MP%202_2025.pdf\",\r\n          \"fechas\": \"Del 07\/09\/2025 al 04\/05\/2026\",\r\n          \"imagen\": \"https:\/\/static.mapagrouptravel.com\/96552.JPG\",\r\n          \"ciudades\": \"Madrid, Zaragoza, Barcelona, Roma\"\r\n        }\r\n      ],\r\n      \"espana\" : [\r\n        {\r\n          \"nombre\": \"Espa\u00f1a Fascinante\",\r\n          \"c\u00f3digo\": \"IB104\",\r\n          \"duraci\u00f3n\": \"10 d\u00edas\",\r\n          \"precio\": \"1285$\",\r\n          \"link\": \"https:\/\/www.mapaplus.com\/product?productCode=IT25T-IB104&fareCode=NORMAL&packageCode=IT25T-IB104&stayCode=9N&beginDate=04\/09\/2025\",\r\n          \"catalogo\": \"https:\/\/almacen.mapaplus.com\/web\/2025\/Contenido\/PDF\/Pdfs_individuales_Mapaplus\/026_Espana%20Fascinante_2025.pdf\",\r\n          \"fechas\": \"Del 06\/09\/2025 al 04\/05\/2026\",\r\n          \"imagen\": \"https:\/\/static.mapagrouptravel.com\/96524.JPG\",\r\n          \"ciudades\": \"Madrid, Merida, Sevilla, Cordoba, Granada, Valencia, Barcelona\"\r\n        }\r\n      ],\r\n      \"espana-portugal\": [\r\n        {\r\n          \"nombre\": \"Portugal, Andaluc\u00eda y Madrid\",\r\n          \"c\u00f3digo\": \"IB132\",\r\n          \"duraci\u00f3n\": \"10 d\u00edas\",\r\n          \"precio\": \"1211$\",\r\n          \"link\": \"https:\/\/www.mapaplus.com\/product?productCode=IT25T-IB132&fareCode=NORMAL&packageCode=IT25T-IB132&stayCode=9N&beginDate=04\/09\/2025\",\r\n          \"catalogo\": \"https:\/\/almacen.mapaplus.com\/web\/2025\/Contenido\/PDF\/Pdfs_individuales_Mapaplus\/033_Portugal%20Andalucia%20y%20Madrid_2025.pdf\",\r\n          \"fechas\": \"Del 06\/09\/2025 al 04\/05\/2026\",\r\n          \"imagen\": \"https:\/\/static.mapagrouptravel.com\/96532.JPG\",\r\n          \"ciudades\": \"Lisboa, Merida, Sevilla, Cordoba, Granada, Madrid\"\r\n        }\r\n      ],\r\n      \"italia\": [\r\n        {\r\n          \"nombre\": \"Italia Plus 1\",\r\n          \"c\u00f3digo\": \"OC300\",\r\n          \"duraci\u00f3n\": \"9 d\u00edas\",\r\n          \"precio\": \"1042$\",\r\n          \"link\": \"https:\/\/www.mapaplus.com\/product?productCode=IT25T-OC300&fareCode=NORMAL&packageCode=IT25T-OC300&stayCode=8N&beginDate=04\/09\/2025\",\r\n          \"catalogo\": \"https:\/\/almacen.mapaplus.com\/web\/2025\/Contenido\/PDF\/Pdfs_individuales_Mapaplus\/061_Italia%20Plus%201Venecia%20Florencia%20Roma_2025.pdf\",\r\n          \"fechas\": \"Del 07\/09\/2025 al 04\/05\/2026\",\r\n          \"imagen\": \"https:\/\/static.mapagrouptravel.com\/96635.JPG\",\r\n          \"ciudades\": \"Venecia, Padua, Florencia, Siena, Asis, Roma\"\r\n        }\r\n      ],\r\n      \/* NUEVOS GRUPOS *\/\r\n      \"francia-alemania-holanda-suiza-italia\": [\r\n        {\r\n          \"nombre\": \"Europa en Breve\",\r\n          \"c\u00f3digo\": \"OC235\",\r\n          \"duraci\u00f3n\": \"8 d\u00edas\",\r\n          \"precio\": \"1341$\",\r\n          \"link\": \"https:\/\/www.mapaplus.com\/product?productCode=IT25T-OC235&fareCode=NORMAL&packageCode=IT25T-OC235&stayCode=7N&beginDate=05\/09\/2025\",\r\n          \"catalogo\": \"https:\/\/almacen.mapaplus.com\/web\/2025\/Contenido\/PDF\/Pdfs_individuales_Mapaplus\/104_Europa%20en%20Breve%20Desde%20Paris_2025.pdf\",\r\n          \"fechas\": \"Del 04\/09\/2025 al 04\/05\/2026\",\r\n          \"imagen\": \"https:\/\/static.mapagrouptravel.com\/96668.JPG\",\r\n          \"ciudades\": \"Paris, Frankfurt, Heidelberg, Lucerna, Zurich, Mil\u00e1n, Venecia\"\r\n        }\r\n      ],\r\n      \"austria-republica-checa-hungria\": [\r\n        {\r\n          \"nombre\": \"El Tri\u00e1ngulo M\u00e1gico\",\r\n          \"c\u00f3digo\": \"CE406\",\r\n          \"duraci\u00f3n\": \"8 noches\",\r\n          \"precio\": \"891$\",\r\n          \"link\": \"https:\/\/www.mapaplus.com\/product?productCode=IT25T-CE406&fareCode=NORMAL&packageCode=IT25T-CE406&stayCode=8N&beginDate=05\/09\/2025\",\r\n          \"catalogo\": \"https:\/\/almacen.mapaplus.com\/web\/2025\/Contenido\/PDF\/Pdfs_individuales_Mapaplus\/130_El%20Triangulo%20Magico_2025.pdf\",\r\n          \"fechas\": \"Del 07\/09\/2025 al 04\/05\/2026\",\r\n          \"imagen\": \"https:\/\/static.mapagrouptravel.com\/96685.JPG\",\r\n          \"ciudades\": \"Praga, Budapest, Viena\"\r\n        }\r\n      ]\r\n    };\r\n\r\n    \/\/ Render\r\n    function renderTours(targetId) {\r\n      const container = document.getElementById(targetId);\r\n      if (!container) return;\r\n      container.innerHTML = '';\r\n\r\n      (tours[targetId] || []).forEach(tour => {\r\n        const card = document.createElement('div');\r\n        card.className = 'card';\r\n        card.innerHTML = `\r\n          <img decoding=\"async\" src=\"${tour.imagen}\" alt=\"${tour.nombre}\">\r\n          <div class=\"card-content\">\r\n            <h3 class=\"card-title\">${tour.nombre}<\/h3>\r\n            <p><strong>Desde:<\/strong> ${tour.precio}<\/p>\r\n            <p><strong>Ciudades:<\/strong> ${tour.ciudades}<\/p>\r\n            <p><strong>Duraci\u00f3n:<\/strong> ${tour[\"duraci\u00f3n\"]}<\/p>\r\n            <p><strong>Fechas:<\/strong> ${tour.fechas}<\/p>\r\n            <p><strong>C\u00f3digo:<\/strong> ${tour[\"c\u00f3digo\"]}<\/p>\r\n            <p>No incluye vuelo<\/p>\r\n            <div class=\"container-buttons\">\r\n              <a target=\"_blank\" href=\"${tour.link}\" class=\"btn\" rel=\"noopener\">Programa<\/a>\r\n              <a target=\"_blank\" href=\"${tour.catalogo}\" class=\"btn-black\" rel=\"noopener\">Cat\u00e1logo<\/a>\r\n            <\/div>\r\n          <\/div>\r\n        `;\r\n        container.appendChild(card);\r\n      });\r\n    }\r\n\r\n    \/\/ Tabs\r\n    document.addEventListener('DOMContentLoaded', () => {\r\n      const firstTarget = document.querySelector('.country-tabs button.active')?.dataset.target;\r\n      if (firstTarget) renderTours(firstTarget);\r\n\r\n      document.querySelectorAll('.country-tabs button').forEach(btn => {\r\n        btn.addEventListener('click', () => {\r\n          document.querySelectorAll('.country-tabs button').forEach(b => {\r\n            b.classList.remove('active');\r\n            b.setAttribute('aria-selected', 'false');\r\n          });\r\n          btn.classList.add('active');\r\n          btn.setAttribute('aria-selected', 'true');\r\n\r\n          const target = btn.dataset.target;\r\n          document.querySelectorAll('.country-content').forEach(panel => panel.classList.remove('active'));\r\n          document.getElementById(target).classList.add('active');\r\n\r\n          renderTours(target);\r\n        });\r\n      });\r\n    });\r\n  <\/script>\r\n<\/body>\r\n<\/html>\r\n\t\t<\/div>\n\t\t\t\t<\/div>\n\t\t\t\t<\/div>\n\t\t\t\t<\/div>\n\t\t\t\t<\/div>","protected":false},"excerpt":{"rendered":"<p>Europa Europa, un continente rico en historia y diversidad cultural, es un destino imprescindible para cualquier viajero.\u00a0Desde los majestuosos castillos de Alemania hasta las pintorescas calles de Par\u00eds, cada rinc\u00f3n te ofrece una experiencia \u00fanica.\u00a0Disfruta de la gastronom\u00eda italiana, explora los paisajes escoceses, y descubre la vibrante vida nocturna de ciudades como Madrid y Londres.\u00a0 &hellip;<\/p>\n<p class=\"read-more\"> <a class=\"\" href=\"https:\/\/yestravel.us\/en\/circuitos-europa\/\"> <span class=\"screen-reader-text\">Circuito Europa<\/span> Read More \u00bb<\/a><\/p>","protected":false},"author":1,"featured_media":0,"parent":0,"menu_order":0,"comment_status":"closed","ping_status":"closed","template":"","meta":{"site-sidebar-layout":"no-sidebar","site-content-layout":"page-builder","ast-site-content-layout":"full-width-container","site-content-style":"unboxed","site-sidebar-style":"unboxed","ast-global-header-display":"","ast-banner-title-visibility":"","ast-main-header-display":"","ast-hfb-above-header-display":"","ast-hfb-below-header-display":"","ast-hfb-mobile-header-display":"","site-post-title":"disabled","ast-breadcrumbs-content":"","ast-featured-img":"disabled","footer-sml-layout":"","theme-transparent-header-meta":"enabled","adv-header-id-meta":"","stick-header-meta":"default","header-above-stick-meta":"","header-main-stick-meta":"","header-below-stick-meta":"","astra-migrate-meta-layouts":"set","_joinchat":[],"footnotes":""},"class_list":["post-14161","page","type-page","status-publish","hentry"],"_links":{"self":[{"href":"https:\/\/yestravel.us\/en\/wp-json\/wp\/v2\/pages\/14161","targetHints":{"allow":["GET"]}}],"collection":[{"href":"https:\/\/yestravel.us\/en\/wp-json\/wp\/v2\/pages"}],"about":[{"href":"https:\/\/yestravel.us\/en\/wp-json\/wp\/v2\/types\/page"}],"author":[{"embeddable":true,"href":"https:\/\/yestravel.us\/en\/wp-json\/wp\/v2\/users\/1"}],"replies":[{"embeddable":true,"href":"https:\/\/yestravel.us\/en\/wp-json\/wp\/v2\/comments?post=14161"}],"version-history":[{"count":552,"href":"https:\/\/yestravel.us\/en\/wp-json\/wp\/v2\/pages\/14161\/revisions"}],"predecessor-version":[{"id":17798,"href":"https:\/\/yestravel.us\/en\/wp-json\/wp\/v2\/pages\/14161\/revisions\/17798"}],"wp:attachment":[{"href":"https:\/\/yestravel.us\/en\/wp-json\/wp\/v2\/media?parent=14161"}],"curies":[{"name":"wp","href":"https:\/\/api.w.org\/{rel}","templated":true}]}}