{"id":14939,"date":"2024-07-26T01:40:25","date_gmt":"2024-07-26T04:40:25","guid":{"rendered":"https:\/\/yestravel.us\/?page_id=14939"},"modified":"2025-09-02T01:37:50","modified_gmt":"2025-09-02T04:37:50","slug":"circuito-africa","status":"publish","type":"page","link":"https:\/\/yestravel.us\/en\/circuito-africa\/","title":{"rendered":"Circuito \u00c1frica"},"content":{"rendered":"<div data-elementor-type=\"wp-page\" data-elementor-id=\"14939\" class=\"elementor elementor-14939\" data-elementor-post-type=\"page\">\n\t\t\t\t<div data-particle_enable=\"false\" data-particle-mobile-disabled=\"false\" class=\"elementor-element elementor-element-fd27764 e-flex e-con-boxed e-con e-parent\" data-id=\"fd27764\" data-element_type=\"container\" data-settings=\"{&quot;background_background&quot;:&quot;classic&quot;,&quot;ekit_has_onepagescroll_dot&quot;:&quot;yes&quot;}\">\n\t\t\t\t\t<div class=\"e-con-inner\">\n\t\t<div data-particle_enable=\"false\" data-particle-mobile-disabled=\"false\" class=\"elementor-element elementor-element-46b8000 e-con-full e-flex e-con e-child\" data-id=\"46b8000\" data-element_type=\"container\" data-settings=\"{&quot;ekit_has_onepagescroll_dot&quot;:&quot;yes&quot;}\">\n\t\t\t\t<div class=\"elementor-element elementor-element-d58092d elementor-widget__width-initial elementor-widget-laptop__width-initial elementor-widget elementor-widget-heading\" data-id=\"d58092d\" data-element_type=\"widget\" data-settings=\"{&quot;ekit_we_effect_on&quot;:&quot;none&quot;}\" data-widget_type=\"heading.default\">\n\t\t\t\t<div class=\"elementor-widget-container\">\n\t\t\t<style>\/*! elementor - v3.23.0 - 05-08-2024 *\/\n.elementor-heading-title{padding:0;margin:0;line-height:1}.elementor-widget-heading .elementor-heading-title[class*=elementor-size-]>a{color:inherit;font-size:inherit;line-height:inherit}.elementor-widget-heading .elementor-heading-title.elementor-size-small{font-size:15px}.elementor-widget-heading .elementor-heading-title.elementor-size-medium{font-size:19px}.elementor-widget-heading .elementor-heading-title.elementor-size-large{font-size:29px}.elementor-widget-heading .elementor-heading-title.elementor-size-xl{font-size:39px}.elementor-widget-heading .elementor-heading-title.elementor-size-xxl{font-size:59px}<\/style><h1 class=\"elementor-heading-title elementor-size-default\">Africa<\/h1>\t\t<\/div>\n\t\t\t\t<\/div>\n\t\t\t\t<\/div>\n\t\t\t\t\t<\/div>\n\t\t\t\t<\/div>\n\t\t<div data-particle_enable=\"false\" data-particle-mobile-disabled=\"false\" class=\"elementor-element elementor-element-02535d3 e-con-full e-flex e-con e-parent\" data-id=\"02535d3\" data-element_type=\"container\" data-settings=\"{&quot;ekit_has_onepagescroll_dot&quot;:&quot;yes&quot;}\">\n\t\t<div data-particle_enable=\"false\" data-particle-mobile-disabled=\"false\" class=\"elementor-element elementor-element-6328704 e-flex e-con-boxed e-con e-child\" data-id=\"6328704\" data-element_type=\"container\" data-settings=\"{&quot;ekit_has_onepagescroll_dot&quot;:&quot;yes&quot;}\">\n\t\t\t\t\t<div class=\"e-con-inner\">\n\t\t\t\t<div class=\"elementor-element elementor-element-c49aef6 elementor-widget__width-initial elementor-widget elementor-widget-text-editor\" data-id=\"c49aef6\" data-element_type=\"widget\" data-settings=\"{&quot;ekit_we_effect_on&quot;:&quot;none&quot;}\" data-widget_type=\"text-editor.default\">\n\t\t\t\t<div class=\"elementor-widget-container\">\n\t\t\t<style>\/*! elementor - v3.23.0 - 05-08-2024 *\/\n.elementor-widget-text-editor.elementor-drop-cap-view-stacked .elementor-drop-cap{background-color:#69727d;color:#fff}.elementor-widget-text-editor.elementor-drop-cap-view-framed .elementor-drop-cap{color:#69727d;border:3px solid;background-color:transparent}.elementor-widget-text-editor:not(.elementor-drop-cap-view-default) .elementor-drop-cap{margin-top:8px}.elementor-widget-text-editor:not(.elementor-drop-cap-view-default) .elementor-drop-cap-letter{width:1em;height:1em}.elementor-widget-text-editor .elementor-drop-cap{float:left;text-align:center;line-height:1;font-size:50px}.elementor-widget-text-editor .elementor-drop-cap-letter{display:inline-block}<\/style>\t\t\t\t<p>Africa, the continent of adventure and diversity, invites you to discover its unrivalled magic. From the vast savannahs of the Serengeti and Masai Mara, home to the most spectacular safaris, to the ancient pyramids of Egypt and the rich culture of cities like Cape Town, this continent is full of wonders to explore.<\/p>\t\t\t\t\t\t<\/div>\n\t\t\t\t<\/div>\n\t\t\t\t\t<\/div>\n\t\t\t\t<\/div>\n\t\t\t\t<\/div>\n\t\t<div data-particle_enable=\"false\" data-particle-mobile-disabled=\"false\" class=\"elementor-element elementor-element-73a7e26 e-con-full e-flex e-con e-parent\" data-id=\"73a7e26\" data-element_type=\"container\" data-settings=\"{&quot;ekit_has_onepagescroll_dot&quot;:&quot;yes&quot;}\">\n\t\t\t\t<div class=\"elementor-element elementor-element-c02e930 elementor-widget-divider--view-line elementor-widget elementor-widget-divider\" data-id=\"c02e930\" data-element_type=\"widget\" data-settings=\"{&quot;ekit_we_effect_on&quot;:&quot;none&quot;}\" data-widget_type=\"divider.default\">\n\t\t\t\t<div class=\"elementor-widget-container\">\n\t\t\t<style>\/*! elementor - v3.23.0 - 05-08-2024 *\/\n.elementor-widget-divider{--divider-border-style:none;--divider-border-width:1px;--divider-color:#0c0d0e;--divider-icon-size:20px;--divider-element-spacing:10px;--divider-pattern-height:24px;--divider-pattern-size:20px;--divider-pattern-url:none;--divider-pattern-repeat:repeat-x}.elementor-widget-divider .elementor-divider{display:flex}.elementor-widget-divider .elementor-divider__text{font-size:15px;line-height:1;max-width:95%}.elementor-widget-divider .elementor-divider__element{margin:0 var(--divider-element-spacing);flex-shrink:0}.elementor-widget-divider .elementor-icon{font-size:var(--divider-icon-size)}.elementor-widget-divider .elementor-divider-separator{display:flex;margin:0;direction:ltr}.elementor-widget-divider--view-line_icon .elementor-divider-separator,.elementor-widget-divider--view-line_text .elementor-divider-separator{align-items:center}.elementor-widget-divider--view-line_icon .elementor-divider-separator:after,.elementor-widget-divider--view-line_icon .elementor-divider-separator:before,.elementor-widget-divider--view-line_text .elementor-divider-separator:after,.elementor-widget-divider--view-line_text .elementor-divider-separator:before{display:block;content:\"\";border-block-end:0;flex-grow:1;border-block-start:var(--divider-border-width) var(--divider-border-style) var(--divider-color)}.elementor-widget-divider--element-align-left .elementor-divider .elementor-divider-separator>.elementor-divider__svg:first-of-type{flex-grow:0;flex-shrink:100}.elementor-widget-divider--element-align-left .elementor-divider-separator:before{content:none}.elementor-widget-divider--element-align-left .elementor-divider__element{margin-left:0}.elementor-widget-divider--element-align-right .elementor-divider .elementor-divider-separator>.elementor-divider__svg:last-of-type{flex-grow:0;flex-shrink:100}.elementor-widget-divider--element-align-right .elementor-divider-separator:after{content:none}.elementor-widget-divider--element-align-right .elementor-divider__element{margin-right:0}.elementor-widget-divider--element-align-start .elementor-divider .elementor-divider-separator>.elementor-divider__svg:first-of-type{flex-grow:0;flex-shrink:100}.elementor-widget-divider--element-align-start .elementor-divider-separator:before{content:none}.elementor-widget-divider--element-align-start .elementor-divider__element{margin-inline-start:0}.elementor-widget-divider--element-align-end .elementor-divider .elementor-divider-separator>.elementor-divider__svg:last-of-type{flex-grow:0;flex-shrink:100}.elementor-widget-divider--element-align-end .elementor-divider-separator:after{content:none}.elementor-widget-divider--element-align-end .elementor-divider__element{margin-inline-end:0}.elementor-widget-divider:not(.elementor-widget-divider--view-line_text):not(.elementor-widget-divider--view-line_icon) .elementor-divider-separator{border-block-start:var(--divider-border-width) var(--divider-border-style) var(--divider-color)}.elementor-widget-divider--separator-type-pattern{--divider-border-style:none}.elementor-widget-divider--separator-type-pattern.elementor-widget-divider--view-line .elementor-divider-separator,.elementor-widget-divider--separator-type-pattern:not(.elementor-widget-divider--view-line) .elementor-divider-separator:after,.elementor-widget-divider--separator-type-pattern:not(.elementor-widget-divider--view-line) .elementor-divider-separator:before,.elementor-widget-divider--separator-type-pattern:not([class*=elementor-widget-divider--view]) .elementor-divider-separator{width:100%;min-height:var(--divider-pattern-height);-webkit-mask-size:var(--divider-pattern-size) 100%;mask-size:var(--divider-pattern-size) 100%;-webkit-mask-repeat:var(--divider-pattern-repeat);mask-repeat:var(--divider-pattern-repeat);background-color:var(--divider-color);-webkit-mask-image:var(--divider-pattern-url);mask-image:var(--divider-pattern-url)}.elementor-widget-divider--no-spacing{--divider-pattern-size:auto}.elementor-widget-divider--bg-round{--divider-pattern-repeat:round}.rtl .elementor-widget-divider .elementor-divider__text{direction:rtl}.e-con-inner>.elementor-widget-divider,.e-con>.elementor-widget-divider{width:var(--container-widget-width,100%);--flex-grow:var(--container-widget-flex-grow)}<\/style>\t\t<div class=\"elementor-divider\">\n\t\t\t<span class=\"elementor-divider-separator\">\n\t\t\t\t\t\t<\/span>\n\t\t<\/div>\n\t\t\t\t<\/div>\n\t\t\t\t<\/div>\n\t\t\t\t<div class=\"elementor-element elementor-element-3378c6d elementor-widget elementor-widget-html\" data-id=\"3378c6d\" data-element_type=\"widget\" data-settings=\"{&quot;ekit_we_effect_on&quot;:&quot;none&quot;}\" data-widget_type=\"html.default\">\n\t\t\t\t<div class=\"elementor-widget-container\">\n\t\t\t<!DOCTYPE html>\r\n<html lang=\"es\">\r\n<head>\r\n  <meta charset=\"UTF-8\" \/>\r\n  <meta name=\"viewport\" content=\"width=device-width, initial-scale=1.0\"\/>\r\n  <title>Tours por Pa\u00eds<\/title>\r\n  <link href=\"https:\/\/fonts.googleapis.com\/css2?family=Noto+Sans:wght@400;600;700&display=swap\" rel=\"stylesheet\">\r\n  <style>\r\n    body { font-family: 'Noto Sans', sans-serif; box-sizing: border-box; }\r\n    *, *::before, *::after { box-sizing: inherit; }\r\n\r\n    .country-tabs { display:flex; flex-wrap:wrap; justify-content:center; margin-bottom:20px; padding:0 10px; }\r\n    .country-tabs button {\r\n      padding:10px 20px; font-size:16px; border:0; cursor:pointer; background:#E2081E;\r\n      margin:5px; border-radius:30px; color:#fff; transition:background-color .3s, color .3s;\r\n    }\r\n    .country-tabs button.active { background:#000; color:#fff; }\r\n\r\n    .country-content { display:none; text-align:center; }\r\n    .country-content.active { display:flex; flex-wrap:wrap; justify-content:center; }\r\n\r\n    .card {\r\n      border:1px solid #ccc; border-radius:10px; overflow:hidden; margin:20px;\r\n      width:100%; max-width:340px; text-align:left; display:flex; flex-direction:column; height:100%;\r\n    }\r\n    .card img { width:100%; height:200px; object-fit:cover; }\r\n    .card-content { padding:20px; }\r\n    .card-title { font-size:22px !important; }\r\n\r\n    .btn, .btn-black {\r\n      padding:10px 20px; text-decoration:none; border-radius:5px; display:inline-block; margin-top:10px; color:#fff;\r\n    }\r\n    .btn { background:#E2081E; }\r\n    .btn-black { background:#000; }\r\n    .btn:hover, .btn-black:hover, .btn:focus, .btn-black:focus { color:#fff; }\r\n\r\n    .container-buttons { display:flex; justify-content:center; align-items:center; gap:10px; }\r\n\r\n    @media (max-width: 768px) {\r\n      .country-tabs button { font-size:16px; padding:8px 16px; }\r\n      .card { max-width:100%; }\r\n    }\r\n    @media (max-width: 480px) {\r\n      .country-tabs button { font-size:16px; padding:6px 12px; }\r\n      .card { margin:10px; }\r\n    }\r\n  <\/style>\r\n<\/head>\r\n<body>\r\n  <div class=\"country-tabs\" role=\"tablist\" aria-label=\"Pa\u00edses\">\r\n    <button class=\"active\" role=\"tab\" aria-selected=\"true\" data-target=\"turquia\">Turkey<\/button>\r\n    <button role=\"tab\" aria-selected=\"false\" data-target=\"egipto\">Egipto<\/button>\r\n    <button role=\"tab\" aria-selected=\"false\" data-target=\"marruecos\">Morocco<\/button>\r\n  <\/div>\r\n\r\n  <!-- Contenedores por pa\u00eds -->\r\n  <div id=\"turquia\" class=\"country-content active\" role=\"tabpanel\" aria-label=\"Turkey\"><\/div>\r\n  <div id=\"egipto\" class=\"country-content\" role=\"tabpanel\" aria-label=\"Egipto\"><\/div>\r\n  <div id=\"marruecos\" class=\"country-content\" role=\"tabpanel\" aria-label=\"Morocco\"><\/div>\r\n\r\n  <script>\r\n    \/\/ Datos\r\n    const tours = {\r\n      \"turquia\": [\r\n        {\r\n          \"nombre\": \"Turqu\u00eda al completo\",\r\n          \"c\u00f3digo\": \"MD662\",\r\n          \"duraci\u00f3n\": \"9 noches\",\r\n          \"precio\": \"840$\",\r\n          \"link\": \"https:\/\/www.mapaplus.com\/product?productCode=IT25T-MD662&fareCode=NORMAL&packageCode=IT25T-MD662&stayCode=9N&beginDate=05\/09\/2025\",\r\n          \"catalogo\": \"https:\/\/almacen.mapaplus.com\/web\/2025\/Contenido\/PDF\/Pdfs_individuales_Mapaplus\/172_Turquia%20al%20completo_2025.pdf\",\r\n          \"fechas\": \"Del 06\/09\/2025 al 09\/03\/2026\",\r\n          \"imagen\": \"https:\/\/static.mapagrouptravel.com\/96714.JPG\",\r\n          \"ciudades\": \"Estambul, Ankara, Capadocia, Pamukkale, Izmir, Pergamo, Canakkale, Bursa\"\r\n        }\r\n      ],\r\n      \"egipto\": [\r\n        {\r\n          \"nombre\": \"Egipto Philae\",\r\n          \"c\u00f3digo\": \"OR701\",\r\n          \"duraci\u00f3n\": \"7 noches\",\r\n          \"precio\": \"920$\",\r\n          \"link\": \"https:\/\/www.mapaplus.com\/product?productCode=IT25T-OR701&fareCode=NORMAL&packageCode=IT25T-OR701&stayCode=7N&beginDate=05\/09\/2025\",\r\n          \"catalogo\": \"https:\/\/almacen.mapaplus.com\/web\/2025\/Contenido\/PDF\/Pdfs_individuales_Mapaplus\/189_Egipto%20Philae_2025.pdf\",\r\n          \"fechas\": \"Del 04\/09\/2025 al 26\/03\/2026\",\r\n          \"imagen\": \"https:\/\/static.mapagrouptravel.com\/96724.JPG\",\r\n          \"ciudades\": \"El Cairo, Aswan, Kom Ombo, Edfu, Luxor\"\r\n        },\r\n        {\r\n          \"nombre\": \"Egipto Karnak\",\r\n          \"c\u00f3digo\": \"OR700\",\r\n          \"duraci\u00f3n\": \"7 noches\",\r\n          \"precio\": \"940$\",\r\n          \"link\": \"https:\/\/www.mapaplus.com\/product?productCode=IT25T-OR700&fareCode=NORMAL&packageCode=IT25T-OR700&stayCode=7N&beginDate=05\/09\/2025\",\r\n          \"catalogo\": \"https:\/\/almacen.mapaplus.com\/web\/2025\/Contenido\/PDF\/Pdfs_individuales_Mapaplus\/188_Egipto%20Karnak_2025.pdf\",\r\n          \"fechas\": \"Del 07\/09\/2025 al 29\/03\/2026\",\r\n          \"imagen\": \"https:\/\/static.mapagrouptravel.com\/96723.JPG\",\r\n          \"ciudades\": \"Cairo, Luxor, Edfu, Kom Ombo, Aswan\"\r\n        }\r\n      ],\r\n      \"marruecos\": [\r\n        {\r\n          \"nombre\": \"Marruecos Espectacular\",\r\n          \"c\u00f3digo\": \"IB170\",\r\n          \"duraci\u00f3n\": \"7 noches\",\r\n          \"precio\": \"790$\",\r\n          \"link\": \"https:\/\/www.mapaplus.com\/product?productCode=IT25T-IB170&fareCode=NORMAL&packageCode=IT25T-IB170&stayCode=7N&beginDate=05\/09\/2025\",\r\n          \"catalogo\": \"https:\/\/almacen.mapaplus.com\/web\/2025\/Contenido\/PDF\/Pdfs_individuales_Mapaplus\/044_Marruecos%20Espectacular1%20Ciudades%20Imperiales_2025.pdf\",\r\n          \"fechas\": \"Del 06\/09\/2025 al 02\/05\/2026\",\r\n          \"imagen\": \"https:\/\/static.mapagrouptravel.com\/96541.JPG\",\r\n          \"ciudades\": \"Casablanca, Rabat, Tanger, Xaouen, Meknes, Fez, Ifran, Beni Mellal, Marrakech\"\r\n        }\r\n      ]\r\n    };\r\n\r\n    \/\/ Render\r\n    function renderTours(targetId) {\r\n      const container = document.getElementById(targetId);\r\n      if (!container) return;\r\n      container.innerHTML = '';\r\n\r\n      (tours[targetId] || []).forEach(tour => {\r\n        const card = document.createElement('div');\r\n        card.className = 'card';\r\n        card.innerHTML = `\r\n          <img decoding=\"async\" src=\"${tour.imagen}\" alt=\"${tour.nombre}\" loading=\"lazy\">\r\n          <div class=\"card-content\">\r\n            <h3 class=\"card-title\">${tour.nombre}<\/h3>\r\n            <p><strong>Desde:<\/strong> ${tour.precio}<\/p>\r\n            <p><strong>Ciudades:<\/strong> ${tour.ciudades}<\/p>\r\n            <p><strong>Duraci\u00f3n:<\/strong> ${tour[\"duraci\u00f3n\"]}<\/p>\r\n            <p><strong>Fechas:<\/strong> ${tour.fechas}<\/p>\r\n            <p><strong>C\u00f3digo:<\/strong> ${tour[\"c\u00f3digo\"]}<\/p>\r\n            <p>No incluye vuelo<\/p>\r\n            <div class=\"container-buttons\">\r\n              <a target=\"_blank\" href=\"${tour.link}\" class=\"btn\" rel=\"noopener\">Programa<\/a>\r\n              <a target=\"_blank\" href=\"${tour.catalogo}\" class=\"btn-black\" rel=\"noopener\">Cat\u00e1logo<\/a>\r\n            <\/div>\r\n          <\/div>\r\n        `;\r\n        container.appendChild(card);\r\n      });\r\n    }\r\n\r\n    \/\/ Tabs\r\n    document.addEventListener('DOMContentLoaded', () => {\r\n      const firstTarget = document.querySelector('.country-tabs button.active')?.dataset.target;\r\n      if (firstTarget) renderTours(firstTarget);\r\n\r\n      document.querySelectorAll('.country-tabs button').forEach(btn => {\r\n        btn.addEventListener('click', () => {\r\n          document.querySelectorAll('.country-tabs button').forEach(b => {\r\n            b.classList.remove('active');\r\n            b.setAttribute('aria-selected', 'false');\r\n          });\r\n          btn.classList.add('active');\r\n          btn.setAttribute('aria-selected', 'true');\r\n\r\n          const target = btn.dataset.target;\r\n          document.querySelectorAll('.country-content').forEach(panel => panel.classList.remove('active'));\r\n          document.getElementById(target).classList.add('active');\r\n\r\n          renderTours(target);\r\n        });\r\n      });\r\n    });\r\n  <\/script>\r\n<\/body>\r\n<\/html>\r\n\t\t<\/div>\n\t\t\t\t<\/div>\n\t\t\t\t<\/div>\n\t\t\t\t<\/div>","protected":false},"excerpt":{"rendered":"<p>\u00c1frica \u00c1frica, el continente de la aventura y la diversidad, te invita a descubrir su magia inigualable. Desde las vastas sabanas del Serengeti y el Masai Mara, hogar de los safaris m\u00e1s espectaculares, hasta las antiguas pir\u00e1mides de Egipto y la rica cultura de ciudades como Ciudad del Cabo; este continente est\u00e1 lleno de maravillas &hellip;<\/p>\n<p class=\"read-more\"> <a class=\"\" href=\"https:\/\/yestravel.us\/en\/circuito-africa\/\"> <span class=\"screen-reader-text\">Circuito \u00c1frica<\/span> Read More \u00bb<\/a><\/p>","protected":false},"author":1,"featured_media":0,"parent":0,"menu_order":0,"comment_status":"closed","ping_status":"closed","template":"","meta":{"site-sidebar-layout":"no-sidebar","site-content-layout":"page-builder","ast-site-content-layout":"full-width-container","site-content-style":"unboxed","site-sidebar-style":"unboxed","ast-global-header-display":"","ast-banner-title-visibility":"","ast-main-header-display":"","ast-hfb-above-header-display":"","ast-hfb-below-header-display":"","ast-hfb-mobile-header-display":"","site-post-title":"disabled","ast-breadcrumbs-content":"","ast-featured-img":"disabled","footer-sml-layout":"","theme-transparent-header-meta":"enabled","adv-header-id-meta":"","stick-header-meta":"default","header-above-stick-meta":"","header-main-stick-meta":"","header-below-stick-meta":"","astra-migrate-meta-layouts":"set","_joinchat":[],"footnotes":""},"class_list":["post-14939","page","type-page","status-publish","hentry"],"_links":{"self":[{"href":"https:\/\/yestravel.us\/en\/wp-json\/wp\/v2\/pages\/14939","targetHints":{"allow":["GET"]}}],"collection":[{"href":"https:\/\/yestravel.us\/en\/wp-json\/wp\/v2\/pages"}],"about":[{"href":"https:\/\/yestravel.us\/en\/wp-json\/wp\/v2\/types\/page"}],"author":[{"embeddable":true,"href":"https:\/\/yestravel.us\/en\/wp-json\/wp\/v2\/users\/1"}],"replies":[{"embeddable":true,"href":"https:\/\/yestravel.us\/en\/wp-json\/wp\/v2\/comments?post=14939"}],"version-history":[{"count":139,"href":"https:\/\/yestravel.us\/en\/wp-json\/wp\/v2\/pages\/14939\/revisions"}],"predecessor-version":[{"id":17785,"href":"https:\/\/yestravel.us\/en\/wp-json\/wp\/v2\/pages\/14939\/revisions\/17785"}],"wp:attachment":[{"href":"https:\/\/yestravel.us\/en\/wp-json\/wp\/v2\/media?parent=14939"}],"curies":[{"name":"wp","href":"https:\/\/api.w.org\/{rel}","templated":true}]}}