{"id":14997,"date":"2024-07-27T12:43:20","date_gmt":"2024-07-27T15:43:20","guid":{"rendered":"https:\/\/yestravel.us\/?page_id=14997"},"modified":"2024-07-27T13:11:02","modified_gmt":"2024-07-27T16:11:02","slug":"test","status":"publish","type":"page","link":"https:\/\/yestravel.us\/en\/test\/","title":{"rendered":"test"},"content":{"rendered":"<div data-elementor-type=\"wp-page\" data-elementor-id=\"14997\" class=\"elementor elementor-14997\" data-elementor-post-type=\"page\">\n\t\t\t\t<div data-particle_enable=\"false\" data-particle-mobile-disabled=\"false\" class=\"elementor-element elementor-element-084af18 e-flex e-con-boxed e-con e-parent\" data-id=\"084af18\" data-element_type=\"container\" data-settings=\"{&quot;ekit_has_onepagescroll_dot&quot;:&quot;yes&quot;}\">\n\t\t\t\t\t<div class=\"e-con-inner\">\n\t\t\t\t<div class=\"elementor-element elementor-element-00ee0e4 elementor-widget elementor-widget-html\" data-id=\"00ee0e4\" data-element_type=\"widget\" data-settings=\"{&quot;ekit_we_effect_on&quot;:&quot;none&quot;}\" data-widget_type=\"html.default\">\n\t\t\t\t<div class=\"elementor-widget-container\">\n\t\t\t<!DOCTYPE html>\r\n<html lang=\"es\">\r\n<head>\r\n  <meta charset=\"UTF-8\">\r\n  <meta name=\"viewport\" content=\"width=device-width, initial-scale=1.0\">\r\n  <title>Tours por Pa\u00eds<\/title>\r\n  <style>\r\n    body {\r\n      font-family: 'Noto Sans', sans-serif;\r\n      box-sizing: border-box;\r\n    }\r\n    *, *::before, *::after {\r\n      box-sizing: inherit;\r\n    }\r\n    .country-tabs {\r\n      display: flex;\r\n      justify-content: center;\r\n      margin-bottom: 20px;\r\n    }\r\n    .country-tabs button {\r\n      padding: 10px 20px;\r\n      font-family: 'Noto Sans';\r\n      font-size: 18px;\r\n      border: 0px;\r\n      cursor: pointer;\r\n      background-color: #f0f0f0;\r\n      margin: 0 5px;\r\n      border-radius: 30px;\r\n      color: white;\r\n      transition: background-color 0.3s, color 0.3s;\r\n      background:#E2081E;\r\n    }\r\n    .country-tabs button.active {\r\n      background-color: black;\r\n      color: white;\r\n    }\r\n    .country-content {\r\n      display: none;\r\n      text-align: center;\r\n    }\r\n    .country-content.active {\r\n      display: flex;\r\n      flex-wrap: wrap;\r\n      justify-content: center;\r\n    }\r\n    .card {\r\n      border: 1px solid #ccc;\r\n      border-radius: 10px;\r\n      overflow: hidden;\r\n      margin: 20px;\r\n      width: 300px;\r\n      text-align: left;\r\n      display: flex;\r\n      flex-direction: column;\r\n      vertical-align: top;\r\n      height: 600px;\r\n      box-sizing: border-box;\r\n    }\r\n    .card img {\r\n      width: 100%;\r\n      height: 200px;\r\n      object-fit: cover;\r\n    }\r\n    .card-content {\r\n      padding: 20px;\r\n    }\r\n    .btn {\r\n      background-color: #E2081E;\r\n      color: white;\r\n      padding: 10px 20px;\r\n      text-decoration: none;\r\n      border-radius: 5px;\r\n      display: inline-block;\r\n      margin-top: 10px;\r\n    }\r\n    .btn:hover {\r\n      color: white;\r\n    }\r\n    .card-title {\r\n      font-size: 22px !important;\r\n    }\r\n  <\/style>\r\n<\/head>\r\n<body>\r\n  <div class=\"country-tabs\">\r\n    <button class=\"active\" data-country=\"Marruecos\">Morocco<\/button>\r\n    <button data-country=\"T\u00fanez\">Tunisia<\/button>\r\n    <button data-country=\"Sud\u00e1frica\">South Africa<\/button>\r\n    <button data-country=\"Egipto\">Egipto<\/button>\r\n    <button data-country=\"Kenia\">Kenia<\/button>\r\n  <\/div>\r\n  <div id=\"Marruecos\" class=\"country-content active\"><\/div>\r\n  <div id=\"T\u00fanez\" class=\"country-content\"><\/div>\r\n  <div id=\"Sud\u00e1frica\" class=\"country-content\"><\/div>\r\n  <div id=\"Egipto\" class=\"country-content\"><\/div>\r\n  <div id=\"Kenia\" class=\"country-content\"><\/div>\r\n\r\n  <script>\r\n    const tours = {\r\n      \"Marruecos\": [\r\n        {\r\n          \"nombre\": \"Oporto y Lisboa\",\r\n          \"precio\": \"634$\",\r\n          \"duraci\u00f3n\": \"5 noches\",\r\n          \"c\u00f3digo\": \"IB130\",\r\n          \"vuelo\": \"No incluye vuelo\",\r\n          \"link\": \"https:\/\/www.mapaplus.com\/product?productCode=IT24T-IB130&fareCode=NORMAL&packageCode=IT24T-IB130&stayCode=5N&beginDate=28\/07\/2024\",\r\n          \"imagen\": \"https:\/\/yestravel.us\/wp-content\/uploads\/2024\/07\/1-20220310_ETH_Paula_Seijo_Photo_13_IMG_2771_Custom_crop_0.jpg\"\r\n        },\r\n        {\r\n          \"nombre\": \"Marruecos Espectacular 1\",\r\n          \"precio\": \"694$\",\r\n          \"duraci\u00f3n\": \"7 noches\",\r\n          \"c\u00f3digo\": \"IB170\",\r\n          \"vuelo\": \"No incluye vuelo\",\r\n          \"link\": \"https:\/\/www.mapaplus.com\/product?productCode=IT24T-IB170&fareCode=NORMAL&packageCode=IT24T-IB170&stayCode=7N&beginDate=28\/07\/2024\",\r\n          \"imagen\": \"https:\/\/yestravel.us\/wp-content\/uploads\/2024\/07\/1-20220310_ETH_Paula_Seijo_Photo_13_IMG_2771_Custom_crop_0.jpg\"\r\n        },\r\n        {\r\n          \"nombre\": \"Marruecos Espectacular 2\",\r\n          \"precio\": \"703$\",\r\n          \"duraci\u00f3n\": \"7 noches\",\r\n          \"c\u00f3digo\": \"IB171\",\r\n          \"vuelo\": \"No incluye vuelo\",\r\n          \"link\": \"https:\/\/www.mapaplus.com\/product?productCode=IT24T-IB171&fareCode=NORMAL&packageCode=IT24T-IB171&stayCode=7N&beginDate=28\/07\/2024\",\r\n          \"imagen\": \"https:\/\/yestravel.us\/wp-content\/uploads\/2024\/07\/1-20220310_ETH_Paula_Seijo_Photo_13_IMG_2771_Custom_crop_0.jpg\"\r\n        }\r\n      ],\r\n      \"T\u00fanez\": [\r\n        {\r\n          \"nombre\": \"T\u00fanez, Minicircuito y Playas\",\r\n          \"precio\": \"710$\",\r\n          \"duraci\u00f3n\": \"7 noches\",\r\n          \"c\u00f3digo\": \"MD670\",\r\n          \"vuelo\": \"No incluye vuelo\",\r\n          \"link\": \"https:\/\/www.mapaplus.com\/product?productCode=IT24T-MD670&fareCode=NORMAL&packageCode=IT24T-MD670&stayCode=7N&beginDate=28\/07\/2024\",\r\n          \"imagen\": \"https:\/\/yestravel.us\/wp-content\/uploads\/2024\/07\/1-20220310_ETH_Paula_Seijo_Photo_13_IMG_2771_Custom_crop_0.jpg\"\r\n        }\r\n      ],\r\n      \"Sud\u00e1frica\": [\r\n        {\r\n          \"nombre\": \"Safari Sudafricano\",\r\n          \"precio\": \"775$\",\r\n          \"duraci\u00f3n\": \"6 noches\",\r\n          \"c\u00f3digo\": \"MM842\",\r\n          \"vuelo\": \"No incluye vuelo\",\r\n          \"link\": \"https:\/\/www.mapaplus.com\/product?productCode=EU16750&fareCode=NORMAL&packageCode=EU16750&stayCode=6N&beginDate=28\/07\/2024\",\r\n          \"imagen\": \"https:\/\/yestravel.us\/wp-content\/uploads\/2024\/07\/1-20220310_ETH_Paula_Seijo_Photo_13_IMG_2771_Custom_crop_0.jpg\"\r\n        },\r\n        {\r\n          \"nombre\": \"Sud\u00e1frica, La Gran Aventura\",\r\n          \"precio\": \"1515$\",\r\n          \"duraci\u00f3n\": \"6 noches\",\r\n          \"c\u00f3digo\": \"MM845\",\r\n          \"vuelo\": \"No incluye vuelo\",\r\n          \"link\": \"https:\/\/www.mapaplus.com\/product?productCode=EU16752&fareCode=NORMAL&packageCode=EU16752&stayCode=6N&beginDate=28\/07\/2024\",\r\n          \"imagen\": \"https:\/\/yestravel.us\/wp-content\/uploads\/2024\/07\/1-20220310_ETH_Paula_Seijo_Photo_13_IMG_2771_Custom_crop_0.jpg\"\r\n        }\r\n      ],\r\n      \"Egipto\": [\r\n        {\r\n          \"nombre\": \"Egipto Philae\",\r\n          \"precio\": \"920$\",\r\n          \"duraci\u00f3n\": \"7 noches\",\r\n          \"c\u00f3digo\": \"OR701\",\r\n          \"vuelo\": \"No incluye vuelo\",\r\n          \"link\": \"https:\/\/www.mapaplus.com\/product?productCode=IT24T-OR701&fareCode=NORMAL&packageCode=IT24T-OR701&stayCode=7N&beginDate=28\/07\/2024\",\r\n          \"imagen\": \"https:\/\/yestravel.us\/wp-content\/uploads\/2024\/07\/1-20220310_ETH_Paula_Seijo_Photo_13_IMG_2771_Custom_crop_0.jpg\"\r\n        }\r\n      ],\r\n      \"Kenia\": [\r\n        {\r\n          \"nombre\": \"Kenia en Esencia\",\r\n          \"precio\": \"2480$\",\r\n          \"duraci\u00f3n\": \"5 noches\",\r\n          \"c\u00f3digo\": \"MM838\",\r\n          \"vuelo\": \"No incluye vuelo\",\r\n          \"link\": \"https:\/\/www.mapaplus.com\/product?productCode=EU16744&fareCode=NORMAL&packageCode=EU16744&stayCode=5N&beginDate=28\/07\/2024\",\r\n          \"imagen\": \"https:\/\/yestravel.us\/wp-content\/uploads\/2024\/07\/1-20220310_ETH_Paula_Seijo_Photo_13_IMG_2771_Custom_crop_0.jpg\"\r\n        }\r\n      ]\r\n    };\r\n\r\n    function loadTours(country) {\r\n      const container = document.getElementById(country);\r\n      container.innerHTML = '';\r\n      const toursList = tours[country];\r\n      toursList.forEach(tour => {\r\n        const card = document.createElement('div');\r\n        card.className = 'card';\r\n        card.innerHTML = `\r\n          <img decoding=\"async\" src=\"${tour.imagen}\" alt=\"${tour.nombre}\">\r\n          <div class=\"card-content\">\r\n            <h3 class=\"card-title\">${tour.nombre}<\/h3>\r\n            <p><strong>Desde:<\/strong> ${tour.precio}<\/p>\r\n            <p><strong>Duraci\u00f3n:<\/strong> ${tour.duraci\u00f3n}<\/p>\r\n            <p><strong>C\u00f3digo:<\/strong> ${tour.c\u00f3digo}<\/p>\r\n            <p>${tour.vuelo}<\/p>\r\n            <a href=\"${tour.link}\" class=\"btn\">Ver programa<\/a>\r\n          <\/div>\r\n        `;\r\n        container.appendChild(card);\r\n      });\r\n    }\r\n\r\n    document.addEventListener('DOMContentLoaded', () => {\r\n      \/\/ Load initial country\r\n      loadTours('Marruecos');\r\n\r\n      \/\/ Tab functionality\r\n      const countryTabs = document.querySelectorAll('.country-tabs button');\r\n      countryTabs.forEach(tab => {\r\n        tab.addEventListener('click', () => {\r\n          document.querySelector('.country-tabs button.active').classList.remove('active');\r\n          tab.classList.add('active');\r\n\r\n          const country = tab.getAttribute('data-country');\r\n          document.querySelector('.country-content.active').classList.remove('active');\r\n          document.getElementById(country).classList.add('active');\r\n          loadTours(country);\r\n        });\r\n      });\r\n    });\r\n  <\/script>\r\n<\/body>\r\n<\/html>\r\n\t\t<\/div>\n\t\t\t\t<\/div>\n\t\t\t\t\t<\/div>\n\t\t\t\t<\/div>\n\t\t\t\t<\/div>","protected":false},"excerpt":{"rendered":"<p>Tours por Pa\u00eds Marruecos T\u00fanez Sud\u00e1frica Egipto Kenia<\/p>","protected":false},"author":1,"featured_media":0,"parent":0,"menu_order":0,"comment_status":"closed","ping_status":"closed","template":"","meta":{"site-sidebar-layout":"no-sidebar","site-content-layout":"page-builder","ast-site-content-layout":"","site-content-style":"default","site-sidebar-style":"default","ast-global-header-display":"","ast-banner-title-visibility":"","ast-main-header-display":"","ast-hfb-above-header-display":"","ast-hfb-below-header-display":"","ast-hfb-mobile-header-display":"","site-post-title":"disabled","ast-breadcrumbs-content":"","ast-featured-img":"disabled","footer-sml-layout":"","theme-transparent-header-meta":"","adv-header-id-meta":"","stick-header-meta":"","header-above-stick-meta":"","header-main-stick-meta":"","header-below-stick-meta":"","astra-migrate-meta-layouts":"","_joinchat":[],"footnotes":""},"class_list":["post-14997","page","type-page","status-publish","hentry"],"_links":{"self":[{"href":"https:\/\/yestravel.us\/en\/wp-json\/wp\/v2\/pages\/14997","targetHints":{"allow":["GET"]}}],"collection":[{"href":"https:\/\/yestravel.us\/en\/wp-json\/wp\/v2\/pages"}],"about":[{"href":"https:\/\/yestravel.us\/en\/wp-json\/wp\/v2\/types\/page"}],"author":[{"embeddable":true,"href":"https:\/\/yestravel.us\/en\/wp-json\/wp\/v2\/users\/1"}],"replies":[{"embeddable":true,"href":"https:\/\/yestravel.us\/en\/wp-json\/wp\/v2\/comments?post=14997"}],"version-history":[{"count":96,"href":"https:\/\/yestravel.us\/en\/wp-json\/wp\/v2\/pages\/14997\/revisions"}],"predecessor-version":[{"id":15093,"href":"https:\/\/yestravel.us\/en\/wp-json\/wp\/v2\/pages\/14997\/revisions\/15093"}],"wp:attachment":[{"href":"https:\/\/yestravel.us\/en\/wp-json\/wp\/v2\/media?parent=14997"}],"curies":[{"name":"wp","href":"https:\/\/api.w.org\/{rel}","templated":true}]}}