{"id":17827,"date":"2026-04-18T19:25:01","date_gmt":"2026-04-18T22:25:01","guid":{"rendered":"https:\/\/yestravel.us\/?page_id=17827"},"modified":"2026-05-02T18:22:17","modified_gmt":"2026-05-02T21:22:17","slug":"samana","status":"publish","type":"page","link":"https:\/\/yestravel.us\/en\/samana\/","title":{"rendered":"Saman\u00e1"},"content":{"rendered":"<div data-elementor-type=\"wp-page\" data-elementor-id=\"17827\" class=\"elementor elementor-17827\" data-elementor-post-type=\"page\">\n\t\t\t\t\t\t<section class=\"elementor-section elementor-top-section elementor-element elementor-element-2af41606 elementor-section-height-min-height elementor-section-boxed elementor-section-height-default elementor-section-items-middle\" data-id=\"2af41606\" data-element_type=\"section\" data-e-type=\"section\" data-settings=\"{&quot;background_background&quot;:&quot;classic&quot;,&quot;ekit_has_onepagescroll_dot&quot;:&quot;yes&quot;}\">\n\t\t\t\t\t\t\t<div class=\"elementor-background-overlay\"><\/div>\n\t\t\t\t\t\t\t<div class=\"elementor-container elementor-column-gap-default\">\n\t\t\t\t\t<div class=\"elementor-column elementor-col-100 elementor-top-column elementor-element elementor-element-78f57d8c\" data-id=\"78f57d8c\" data-element_type=\"column\" data-e-type=\"column\">\n\t\t\t<div class=\"elementor-widget-wrap elementor-element-populated\">\n\t\t\t\t\t\t<div class=\"elementor-element elementor-element-50e86f72 elementor-widget__width-initial elementor-widget-tablet__width-inherit elementor-widget elementor-widget-heading\" data-id=\"50e86f72\" data-element_type=\"widget\" data-e-type=\"widget\" data-settings=\"{&quot;ekit_we_effect_on&quot;:&quot;none&quot;}\" data-widget_type=\"heading.default\">\n\t\t\t\t<div class=\"elementor-widget-container\">\n\t\t\t\t\t<h1 class=\"elementor-heading-title elementor-size-default\">Saman\u00e1<\/h1>\t\t\t\t<\/div>\n\t\t\t\t<\/div>\n\t\t\t\t\t<\/div>\n\t\t<\/div>\n\t\t\t\t\t<\/div>\n\t\t<\/section>\n\t\t\t\t<section class=\"elementor-section elementor-top-section elementor-element elementor-element-25df00a3 elementor-section-full_width elementor-section-height-default elementor-section-height-default\" data-id=\"25df00a3\" data-element_type=\"section\" data-e-type=\"section\" data-settings=\"{&quot;ekit_has_onepagescroll_dot&quot;:&quot;yes&quot;}\">\n\t\t\t\t\t\t<div class=\"elementor-container elementor-column-gap-default\">\n\t\t\t\t\t<div class=\"elementor-column elementor-col-50 elementor-top-column elementor-element elementor-element-756d2faa animated-fast elementor-invisible\" data-id=\"756d2faa\" data-element_type=\"column\" data-e-type=\"column\" data-settings=\"{&quot;animation&quot;:&quot;fadeInLeft&quot;}\">\n\t\t\t<div class=\"elementor-widget-wrap\">\n\t\t\t\t\t\t\t<\/div>\n\t\t<\/div>\n\t\t\t\t<div class=\"elementor-column elementor-col-50 elementor-top-column elementor-element elementor-element-5284be90 animated-fast elementor-invisible\" data-id=\"5284be90\" data-element_type=\"column\" data-e-type=\"column\" data-settings=\"{&quot;animation&quot;:&quot;fadeInRight&quot;}\">\n\t\t\t<div class=\"elementor-widget-wrap elementor-element-populated\">\n\t\t\t\t\t\t<div class=\"elementor-element elementor-element-6b5c148e elementor-widget elementor-widget-gallery\" data-id=\"6b5c148e\" data-element_type=\"widget\" data-e-type=\"widget\" data-settings=\"{&quot;gallery_layout&quot;:&quot;masonry&quot;,&quot;columns&quot;:3,&quot;image_hover_animation&quot;:&quot;shrink-contained&quot;,&quot;lazyload&quot;:&quot;yes&quot;,&quot;columns_tablet&quot;:2,&quot;columns_mobile&quot;:1,&quot;gap&quot;:{&quot;unit&quot;:&quot;px&quot;,&quot;size&quot;:10,&quot;sizes&quot;:[]},&quot;gap_laptop&quot;:{&quot;unit&quot;:&quot;px&quot;,&quot;size&quot;:10,&quot;sizes&quot;:[]},&quot;gap_tablet&quot;:{&quot;unit&quot;:&quot;px&quot;,&quot;size&quot;:10,&quot;sizes&quot;:[]},&quot;gap_mobile&quot;:{&quot;unit&quot;:&quot;px&quot;,&quot;size&quot;:10,&quot;sizes&quot;:[]},&quot;link_to&quot;:&quot;file&quot;,&quot;content_hover_animation&quot;:&quot;fade-in&quot;,&quot;ekit_we_effect_on&quot;:&quot;none&quot;}\" data-widget_type=\"gallery.default\">\n\t\t\t\t<div class=\"elementor-widget-container\">\n\t\t\t\t\t\t\t<div class=\"elementor-gallery__container\">\n\t\t\t\t\t\t\t<a class=\"e-gallery-item elementor-gallery-item elementor-animated-content\" href=\"https:\/\/yestravel.us\/wp-content\/uploads\/2026\/05\/Samana-4.jpg\" data-elementor-open-lightbox=\"yes\" data-elementor-lightbox-slideshow=\"6b5c148e\" data-elementor-lightbox-title=\"Samana 4\" data-e-action-hash=\"#elementor-action%3Aaction%3Dlightbox%26settings%3DeyJpZCI6MTc5MTksInVybCI6Imh0dHBzOlwvXC95ZXN0cmF2ZWwudXNcL3dwLWNvbnRlbnRcL3VwbG9hZHNcLzIwMjZcLzA1XC9TYW1hbmEtNC5qcGciLCJzbGlkZXNob3ciOiI2YjVjMTQ4ZSJ9\">\n\t\t\t\t\t<div class=\"e-gallery-image elementor-gallery-item__image\" data-thumbnail=\"https:\/\/yestravel.us\/wp-content\/uploads\/2026\/05\/Samana-4.jpg\" data-width=\"1600\" data-height=\"899\" aria-label=\"\" role=\"img\" ><\/div>\n\t\t\t\t\t\t\t\t\t\t\t\t\t\t<\/a>\n\t\t\t\t\t\t\t<a class=\"e-gallery-item elementor-gallery-item elementor-animated-content\" href=\"https:\/\/yestravel.us\/wp-content\/uploads\/2026\/05\/Samana-3.jpg\" data-elementor-open-lightbox=\"yes\" data-elementor-lightbox-slideshow=\"6b5c148e\" data-elementor-lightbox-title=\"Samana 3\" data-e-action-hash=\"#elementor-action%3Aaction%3Dlightbox%26settings%3DeyJpZCI6MTc5MjAsInVybCI6Imh0dHBzOlwvXC95ZXN0cmF2ZWwudXNcL3dwLWNvbnRlbnRcL3VwbG9hZHNcLzIwMjZcLzA1XC9TYW1hbmEtMy5qcGciLCJzbGlkZXNob3ciOiI2YjVjMTQ4ZSJ9\">\n\t\t\t\t\t<div class=\"e-gallery-image elementor-gallery-item__image\" data-thumbnail=\"https:\/\/yestravel.us\/wp-content\/uploads\/2026\/05\/Samana-3.jpg\" data-width=\"1600\" data-height=\"1066\" aria-label=\"\" role=\"img\" ><\/div>\n\t\t\t\t\t\t\t\t\t\t\t\t\t\t<\/a>\n\t\t\t\t\t\t\t<a class=\"e-gallery-item elementor-gallery-item elementor-animated-content\" href=\"https:\/\/yestravel.us\/wp-content\/uploads\/2026\/05\/Samana-2.jpg\" data-elementor-open-lightbox=\"yes\" data-elementor-lightbox-slideshow=\"6b5c148e\" data-elementor-lightbox-title=\"Samana 2\" data-e-action-hash=\"#elementor-action%3Aaction%3Dlightbox%26settings%3DeyJpZCI6MTc5MjEsInVybCI6Imh0dHBzOlwvXC95ZXN0cmF2ZWwudXNcL3dwLWNvbnRlbnRcL3VwbG9hZHNcLzIwMjZcLzA1XC9TYW1hbmEtMi5qcGciLCJzbGlkZXNob3ciOiI2YjVjMTQ4ZSJ9\">\n\t\t\t\t\t<div class=\"e-gallery-image elementor-gallery-item__image\" data-thumbnail=\"https:\/\/yestravel.us\/wp-content\/uploads\/2026\/05\/Samana-2.jpg\" data-width=\"1140\" data-height=\"642\" aria-label=\"\" role=\"img\" ><\/div>\n\t\t\t\t\t\t\t\t\t\t\t\t\t\t<\/a>\n\t\t\t\t\t\t\t<a class=\"e-gallery-item elementor-gallery-item elementor-animated-content\" href=\"https:\/\/yestravel.us\/wp-content\/uploads\/2026\/05\/Samana-1.jpg\" data-elementor-open-lightbox=\"yes\" data-elementor-lightbox-slideshow=\"6b5c148e\" data-elementor-lightbox-title=\"Samana 1\" data-e-action-hash=\"#elementor-action%3Aaction%3Dlightbox%26settings%3DeyJpZCI6MTc5MjIsInVybCI6Imh0dHBzOlwvXC95ZXN0cmF2ZWwudXNcL3dwLWNvbnRlbnRcL3VwbG9hZHNcLzIwMjZcLzA1XC9TYW1hbmEtMS5qcGciLCJzbGlkZXNob3ciOiI2YjVjMTQ4ZSJ9\">\n\t\t\t\t\t<div class=\"e-gallery-image elementor-gallery-item__image\" data-thumbnail=\"https:\/\/yestravel.us\/wp-content\/uploads\/2026\/05\/Samana-1.jpg\" data-width=\"1200\" data-height=\"535\" aria-label=\"\" role=\"img\" ><\/div>\n\t\t\t\t\t\t\t\t\t\t\t\t\t\t<\/a>\n\t\t\t\t\t<\/div>\n\t\t\t\t\t<\/div>\n\t\t\t\t<\/div>\n\t\t\t\t\t<\/div>\n\t\t<\/div>\n\t\t\t\t\t<\/div>\n\t\t<\/section>\n\t\t\t\t<section class=\"elementor-section elementor-top-section elementor-element elementor-element-605d164d elementor-section-full_width animated-fast elementor-section-height-default elementor-section-height-default elementor-invisible\" data-id=\"605d164d\" data-element_type=\"section\" data-e-type=\"section\" data-settings=\"{&quot;background_background&quot;:&quot;classic&quot;,&quot;animation&quot;:&quot;fadeInUp&quot;,&quot;ekit_has_onepagescroll_dot&quot;:&quot;yes&quot;}\">\n\t\t\t\t\t\t<div class=\"elementor-container elementor-column-gap-default\">\n\t\t\t\t\t<div class=\"elementor-column elementor-col-100 elementor-top-column elementor-element elementor-element-106debe3\" data-id=\"106debe3\" data-element_type=\"column\" data-e-type=\"column\">\n\t\t\t<div class=\"elementor-widget-wrap elementor-element-populated\">\n\t\t\t\t\t\t<div class=\"elementor-element elementor-element-5a200147 elementor-widget elementor-widget-elementskit-heading\" data-id=\"5a200147\" data-element_type=\"widget\" data-e-type=\"widget\" data-settings=\"{&quot;ekit_we_effect_on&quot;:&quot;none&quot;}\" data-widget_type=\"elementskit-heading.default\">\n\t\t\t\t<div class=\"elementor-widget-container\">\n\t\t\t\t\t<div class=\"ekit-wid-con\" ><div class=\"ekit-heading elementskit-section-title-wraper center   ekit_heading_tablet-   ekit_heading_mobile-\"><h2 class=\"ekit-heading--title elementskit-section-title\">Hotels<\/h2><div class=\"ekit_heading_separetor_wraper ekit_heading_elementskit-border-divider ekit-dotted\"><div class=\"elementskit-border-divider ekit-dotted\"><\/div><\/div>\t\t\t\t<div class='ekit-heading__description'>\n\t\t\t\t\t<p>Find a wide selection of incredible hotels in each destination based on your needs, with the most attractive offers and our personalized service.<\/p>\n\t\t\t\t<\/div>\n\t\t\t<\/div><\/div>\t\t\t\t<\/div>\n\t\t\t\t<\/div>\n\t\t\t\t<section class=\"elementor-section elementor-inner-section elementor-element elementor-element-7dc3619e elementor-section-full_width elementor-section-height-default elementor-section-height-default\" data-id=\"7dc3619e\" data-element_type=\"section\" data-e-type=\"section\" data-settings=\"{&quot;ekit_has_onepagescroll_dot&quot;:&quot;yes&quot;}\">\n\t\t\t\t\t\t<div class=\"elementor-container elementor-column-gap-default\">\n\t\t\t\t\t<div class=\"elementor-column elementor-col-33 elementor-inner-column elementor-element elementor-element-1a8ef040\" data-id=\"1a8ef040\" data-element_type=\"column\" data-e-type=\"column\">\n\t\t\t<div class=\"elementor-widget-wrap elementor-element-populated\">\n\t\t\t\t\t\t<div class=\"elementor-element elementor-element-307b561f ekit-equal-height-enable elementor-widget elementor-widget-elementskit-image-box\" data-id=\"307b561f\" data-element_type=\"widget\" data-e-type=\"widget\" data-settings=\"{&quot;ekit_we_effect_on&quot;:&quot;none&quot;}\" data-widget_type=\"elementskit-image-box.default\">\n\t\t\t\t<div class=\"elementor-widget-container\">\n\t\t\t\t\t<div class=\"ekit-wid-con\" >\n            <div class=\"elementskit-info-image-box ekit-image-box text-left hover_from_right hover-border-bottom\" >\n\n                \n                <div class=\"elementskit-box-header image-box-img-left\">\n\n                    <img fetchpriority=\"high\" decoding=\"async\" width=\"1024\" height=\"576\" src=\"https:\/\/yestravel.us\/wp-content\/uploads\/2026\/05\/Bahia-Principe-Samana.jpg\" class=\"attachment-full size-full wp-image-17924\" alt=\"\" srcset=\"https:\/\/yestravel.us\/wp-content\/uploads\/2026\/05\/Bahia-Principe-Samana.jpg 1024w, https:\/\/yestravel.us\/wp-content\/uploads\/2026\/05\/Bahia-Principe-Samana-300x169.jpg 300w, https:\/\/yestravel.us\/wp-content\/uploads\/2026\/05\/Bahia-Principe-Samana-768x432.jpg 768w, https:\/\/yestravel.us\/wp-content\/uploads\/2026\/05\/Bahia-Principe-Samana-18x10.jpg 18w\" sizes=\"(max-width: 1024px) 100vw, 1024px\" \/>\n                <\/div>\n                \n                <div class=\"elementskit-box-body ekit-image-box-body\">\n                    <div class=\"elementskit-box-content ekit-image-box-body-inner\">\n                                                <h3 class=\"elementskit-info-box-title\">\n\n                        Bahia Principe Grand Saman\u00e1\n                        \n                    <\/h3>\n                                                            <div class=\"elementskit-box-style-content\">\n                        Resort todo incluido ubicado en una zona monta\u00f1osa con vistas al mar. Ofrece ambiente tranquilo, ideal para desconectar. Su propuesta es m\u00e1s \u00edntima y relajada. Perfecto para parejas.                    <\/div>\n                                    <\/div>\n\n                                <div class=\"elementskit-box-footer\">\n                    <div class=\"box-footer\">\n                        <div class=\"btn-wraper\">\n                                                            <a href=\"#\" class=\"elementskit-btn whitespace--normal\">\n                                    \n                                    \n                                    See more                                <\/a>\n                                                        <\/div>\n                    <\/div>\n                <\/div>\n                            <\/div>\n            <\/div>\n    <\/div>\t\t\t\t<\/div>\n\t\t\t\t<\/div>\n\t\t\t\t\t<\/div>\n\t\t<\/div>\n\t\t\t\t<div class=\"elementor-column elementor-col-33 elementor-inner-column elementor-element elementor-element-17bcf275\" data-id=\"17bcf275\" data-element_type=\"column\" data-e-type=\"column\">\n\t\t\t<div class=\"elementor-widget-wrap elementor-element-populated\">\n\t\t\t\t\t\t<div class=\"elementor-element elementor-element-21f25383 ekit-equal-height-enable elementor-widget elementor-widget-elementskit-image-box\" data-id=\"21f25383\" data-element_type=\"widget\" data-e-type=\"widget\" data-settings=\"{&quot;ekit_we_effect_on&quot;:&quot;none&quot;}\" data-widget_type=\"elementskit-image-box.default\">\n\t\t\t\t<div class=\"elementor-widget-container\">\n\t\t\t\t\t<div class=\"ekit-wid-con\" >\n            <div class=\"elementskit-info-image-box ekit-image-box text-left hover_from_right hover-border-bottom\" >\n\n                \n                <div class=\"elementskit-box-header image-box-img-left\">\n\n                    <img decoding=\"async\" width=\"1537\" height=\"1024\" src=\"https:\/\/yestravel.us\/wp-content\/uploads\/2026\/05\/Bahia-Principe-Explore-El-Portillo-Samana.jpg\" class=\"attachment-full size-full wp-image-17925\" alt=\"\" srcset=\"https:\/\/yestravel.us\/wp-content\/uploads\/2026\/05\/Bahia-Principe-Explore-El-Portillo-Samana.jpg 1537w, https:\/\/yestravel.us\/wp-content\/uploads\/2026\/05\/Bahia-Principe-Explore-El-Portillo-Samana-300x200.jpg 300w, https:\/\/yestravel.us\/wp-content\/uploads\/2026\/05\/Bahia-Principe-Explore-El-Portillo-Samana-1024x682.jpg 1024w, https:\/\/yestravel.us\/wp-content\/uploads\/2026\/05\/Bahia-Principe-Explore-El-Portillo-Samana-768x512.jpg 768w, https:\/\/yestravel.us\/wp-content\/uploads\/2026\/05\/Bahia-Principe-Explore-El-Portillo-Samana-18x12.jpg 18w\" sizes=\"(max-width: 1537px) 100vw, 1537px\" \/>\n                <\/div>\n                \n                <div class=\"elementskit-box-body ekit-image-box-body\">\n                    <div class=\"elementskit-box-content ekit-image-box-body-inner\">\n                                                <h3 class=\"elementskit-info-box-title\">\n\n                        Bahia Principe Grand El Portillo\n                        \n                    <\/h3>\n                                                            <div class=\"elementskit-box-style-content\">\n                        Resort todo incluido frente a una de las mejores playas de Saman\u00e1. Ofrece ambiente familiar, naturaleza y actividades. Ideal para quienes buscan un entorno m\u00e1s aut\u00e9ntico.                    <\/div>\n                                    <\/div>\n\n                                <div class=\"elementskit-box-footer\">\n                    <div class=\"box-footer\">\n                        <div class=\"btn-wraper\">\n                                                            <a href=\"#\" class=\"elementskit-btn whitespace--normal\">\n                                    \n                                    \n                                    See more                                <\/a>\n                                                        <\/div>\n                    <\/div>\n                <\/div>\n                            <\/div>\n            <\/div>\n    <\/div>\t\t\t\t<\/div>\n\t\t\t\t<\/div>\n\t\t\t\t\t<\/div>\n\t\t<\/div>\n\t\t\t\t<div class=\"elementor-column elementor-col-33 elementor-inner-column elementor-element elementor-element-61afbe83\" data-id=\"61afbe83\" data-element_type=\"column\" data-e-type=\"column\">\n\t\t\t<div class=\"elementor-widget-wrap\">\n\t\t\t\t\t\t\t<\/div>\n\t\t<\/div>\n\t\t\t\t\t<\/div>\n\t\t<\/section>\n\t\t\t\t\t<\/div>\n\t\t<\/div>\n\t\t\t\t\t<\/div>\n\t\t<\/section>\n\t\t\t\t<section class=\"elementor-section elementor-top-section elementor-element elementor-element-70633cb9 elementor-section-height-min-height elementor-section-boxed elementor-section-height-default elementor-section-items-middle\" data-id=\"70633cb9\" data-element_type=\"section\" data-e-type=\"section\" data-settings=\"{&quot;background_background&quot;:&quot;classic&quot;,&quot;ekit_has_onepagescroll_dot&quot;:&quot;yes&quot;}\">\n\t\t\t\t\t\t\t<div class=\"elementor-background-overlay\"><\/div>\n\t\t\t\t\t\t\t<div class=\"elementor-container elementor-column-gap-default\">\n\t\t\t\t\t<div class=\"elementor-column elementor-col-100 elementor-top-column elementor-element elementor-element-590fad67\" data-id=\"590fad67\" data-element_type=\"column\" data-e-type=\"column\">\n\t\t\t<div class=\"elementor-widget-wrap elementor-element-populated\">\n\t\t\t\t\t\t<div class=\"elementor-element elementor-element-33a751af elementor-widget elementor-widget-heading\" data-id=\"33a751af\" data-element_type=\"widget\" data-e-type=\"widget\" data-settings=\"{&quot;ekit_we_effect_on&quot;:&quot;none&quot;}\" data-widget_type=\"heading.default\">\n\t\t\t\t<div class=\"elementor-widget-container\">\n\t\t\t\t\t<h2 class=\"elementor-heading-title elementor-size-default\">Get in touch with us to help you plan your next trip<\/h2>\t\t\t\t<\/div>\n\t\t\t\t<\/div>\n\t\t\t\t\t<\/div>\n\t\t<\/div>\n\t\t\t\t\t<\/div>\n\t\t<\/section>\n\t\t\t\t<\/div>","protected":false},"excerpt":{"rendered":"<p>Saman\u00e1 Hoteles Encuentra en cada destino una variada selecci\u00f3n de incre\u00edbles hoteles en base a tus necesidades; con las ofertas m\u00e1s atractivas y nuestro servicio personalizado. Bahia Principe Grand Saman\u00e1 Resort todo incluido ubicado en una zona monta\u00f1osa con vistas al mar. Ofrece ambiente tranquilo, ideal para desconectar. Su propuesta es m\u00e1s \u00edntima y relajada. [&hellip;]<\/p>\n","protected":false},"author":5,"featured_media":0,"parent":0,"menu_order":0,"comment_status":"closed","ping_status":"closed","template":"","meta":{"site-sidebar-layout":"no-sidebar","site-content-layout":"page-builder","ast-site-content-layout":"default","site-content-style":"unboxed","site-sidebar-style":"unboxed","ast-global-header-display":"","ast-banner-title-visibility":"","ast-main-header-display":"","ast-hfb-above-header-display":"","ast-hfb-below-header-display":"","ast-hfb-mobile-header-display":"","site-post-title":"disabled","ast-breadcrumbs-content":"","ast-featured-img":"disabled","footer-sml-layout":"","ast-disable-related-posts":"","theme-transparent-header-meta":"enabled","adv-header-id-meta":"","stick-header-meta":"enabled","header-above-stick-meta":"","header-main-stick-meta":"","header-below-stick-meta":"","astra-migrate-meta-layouts":"set","ast-page-background-enabled":"default","ast-page-background-meta":{"desktop":{"background-color":"","background-image":"","background-repeat":"repeat","background-position":"center center","background-size":"auto","background-attachment":"scroll","background-type":"","background-media":"","overlay-type":"","overlay-color":"","overlay-opacity":"","overlay-gradient":""},"tablet":{"background-color":"","background-image":"","background-repeat":"repeat","background-position":"center center","background-size":"auto","background-attachment":"scroll","background-type":"","background-media":"","overlay-type":"","overlay-color":"","overlay-opacity":"","overlay-gradient":""},"mobile":{"background-color":"","background-image":"","background-repeat":"repeat","background-position":"center center","background-size":"auto","background-attachment":"scroll","background-type":"","background-media":"","overlay-type":"","overlay-color":"","overlay-opacity":"","overlay-gradient":""}},"ast-content-background-meta":{"desktop":{"background-color":"var(--ast-global-color-5)","background-image":"","background-repeat":"repeat","background-position":"center center","background-size":"auto","background-attachment":"scroll","background-type":"","background-media":"","overlay-type":"","overlay-color":"","overlay-opacity":"","overlay-gradient":""},"tablet":{"background-color":"var(--ast-global-color-5)","background-image":"","background-repeat":"repeat","background-position":"center center","background-size":"auto","background-attachment":"scroll","background-type":"","background-media":"","overlay-type":"","overlay-color":"","overlay-opacity":"","overlay-gradient":""},"mobile":{"background-color":"var(--ast-global-color-5)","background-image":"","background-repeat":"repeat","background-position":"center center","background-size":"auto","background-attachment":"scroll","background-type":"","background-media":"","overlay-type":"","overlay-color":"","overlay-opacity":"","overlay-gradient":""}},"_joinchat":[],"footnotes":""},"class_list":["post-17827","page","type-page","status-publish","hentry"],"_links":{"self":[{"href":"https:\/\/yestravel.us\/en\/wp-json\/wp\/v2\/pages\/17827","targetHints":{"allow":["GET"]}}],"collection":[{"href":"https:\/\/yestravel.us\/en\/wp-json\/wp\/v2\/pages"}],"about":[{"href":"https:\/\/yestravel.us\/en\/wp-json\/wp\/v2\/types\/page"}],"author":[{"embeddable":true,"href":"https:\/\/yestravel.us\/en\/wp-json\/wp\/v2\/users\/5"}],"replies":[{"embeddable":true,"href":"https:\/\/yestravel.us\/en\/wp-json\/wp\/v2\/comments?post=17827"}],"version-history":[{"count":10,"href":"https:\/\/yestravel.us\/en\/wp-json\/wp\/v2\/pages\/17827\/revisions"}],"predecessor-version":[{"id":17928,"href":"https:\/\/yestravel.us\/en\/wp-json\/wp\/v2\/pages\/17827\/revisions\/17928"}],"wp:attachment":[{"href":"https:\/\/yestravel.us\/en\/wp-json\/wp\/v2\/media?parent=17827"}],"curies":[{"name":"wp","href":"https:\/\/api.w.org\/{rel}","templated":true}]}}