{"id":2319,"date":"2023-04-03T16:15:11","date_gmt":"2023-04-03T19:15:11","guid":{"rendered":"https:\/\/dev-yestravel.pantheonsite.io\/?page_id=2319"},"modified":"2024-08-07T12:24:33","modified_gmt":"2024-08-07T15:24:33","slug":"live-aqua-beach-resort-puerto-vallarta","status":"publish","type":"page","link":"https:\/\/yestravel.us\/en\/live-aqua-beach-resort-puerto-vallarta\/","title":{"rendered":"Live Aqua Beach Resort Puerto Vallarta"},"content":{"rendered":"<div data-elementor-type=\"wp-page\" data-elementor-id=\"2319\" class=\"elementor elementor-2319\" data-elementor-post-type=\"page\">\n\t\t\t\t\t\t<section data-particle_enable=\"false\" data-particle-mobile-disabled=\"false\" class=\"elementor-section elementor-top-section elementor-element elementor-element-61ebe0f3 elementor-section-height-min-height elementor-section-boxed elementor-section-height-default elementor-section-items-middle\" data-id=\"61ebe0f3\" data-element_type=\"section\" data-settings=\"{&quot;background_background&quot;:&quot;classic&quot;,&quot;_ha_eqh_enable&quot;:false,&quot;ekit_has_onepagescroll_dot&quot;:&quot;yes&quot;}\">\n\t\t\t\t\t\t\t<div class=\"elementor-background-overlay\"><\/div>\n\t\t\t\t\t\t\t<div class=\"elementor-container elementor-column-gap-default\">\n\t\t\t\t\t<div class=\"elementor-column elementor-col-100 elementor-top-column elementor-element elementor-element-38654738\" data-id=\"38654738\" data-element_type=\"column\">\n\t\t\t<div class=\"elementor-widget-wrap elementor-element-populated\">\n\t\t\t\t\t\t<div class=\"elementor-element elementor-element-12ef53ea elementor-widget__width-initial elementor-widget elementor-widget-heading\" data-id=\"12ef53ea\" data-element_type=\"widget\" data-settings=\"{&quot;ekit_we_effect_on&quot;:&quot;none&quot;}\" data-widget_type=\"heading.default\">\n\t\t\t\t<div class=\"elementor-widget-container\">\n\t\t\t<style>\/*! elementor - v3.23.0 - 05-08-2024 *\/\n.elementor-heading-title{padding:0;margin:0;line-height:1}.elementor-widget-heading .elementor-heading-title[class*=elementor-size-]>a{color:inherit;font-size:inherit;line-height:inherit}.elementor-widget-heading .elementor-heading-title.elementor-size-small{font-size:15px}.elementor-widget-heading .elementor-heading-title.elementor-size-medium{font-size:19px}.elementor-widget-heading .elementor-heading-title.elementor-size-large{font-size:29px}.elementor-widget-heading .elementor-heading-title.elementor-size-xl{font-size:39px}.elementor-widget-heading .elementor-heading-title.elementor-size-xxl{font-size:59px}<\/style><h1 class=\"elementor-heading-title elementor-size-default\">Live Aqua Beach Resort Puerto Vallarta<\/h1>\t\t<\/div>\n\t\t\t\t<\/div>\n\t\t\t\t\t<\/div>\n\t\t<\/div>\n\t\t\t\t\t<\/div>\n\t\t<\/section>\n\t\t\t\t<section data-particle_enable=\"false\" data-particle-mobile-disabled=\"false\" class=\"elementor-section elementor-top-section elementor-element elementor-element-17217c67 elementor-section-full_width elementor-section-height-default elementor-section-height-default\" data-id=\"17217c67\" data-element_type=\"section\" data-settings=\"{&quot;background_background&quot;:&quot;classic&quot;,&quot;_ha_eqh_enable&quot;:false,&quot;ekit_has_onepagescroll_dot&quot;:&quot;yes&quot;}\">\n\t\t\t\t\t\t<div class=\"elementor-container elementor-column-gap-default\">\n\t\t\t\t\t<div class=\"elementor-column elementor-col-50 elementor-top-column elementor-element elementor-element-4e2623a1 animated-fast elementor-invisible\" data-id=\"4e2623a1\" data-element_type=\"column\" data-settings=\"{&quot;animation&quot;:&quot;fadeInLeft&quot;}\">\n\t\t\t<div class=\"elementor-widget-wrap elementor-element-populated\">\n\t\t\t\t\t\t<div class=\"elementor-element elementor-element-6f726df2 elementor-widget elementor-widget-text-editor\" data-id=\"6f726df2\" data-element_type=\"widget\" data-settings=\"{&quot;ekit_we_effect_on&quot;:&quot;none&quot;}\" data-widget_type=\"text-editor.default\">\n\t\t\t\t<div class=\"elementor-widget-container\">\n\t\t\t<style>\/*! elementor - v3.23.0 - 05-08-2024 *\/\n.elementor-widget-text-editor.elementor-drop-cap-view-stacked .elementor-drop-cap{background-color:#69727d;color:#fff}.elementor-widget-text-editor.elementor-drop-cap-view-framed .elementor-drop-cap{color:#69727d;border:3px solid;background-color:transparent}.elementor-widget-text-editor:not(.elementor-drop-cap-view-default) .elementor-drop-cap{margin-top:8px}.elementor-widget-text-editor:not(.elementor-drop-cap-view-default) .elementor-drop-cap-letter{width:1em;height:1em}.elementor-widget-text-editor .elementor-drop-cap{float:left;text-align:center;line-height:1;font-size:50px}.elementor-widget-text-editor .elementor-drop-cap-letter{display:inline-block}<\/style>\t\t\t\t<p>Live Aqua Beach Resort Puerto Vallarta is a luxurious all-inclusive resort located on a private beach in Banderas Bay. The resort features contemporary design, high-end amenities, and breathtaking ocean views.<\/p><p>The resort offers 337 guest rooms and suites, all decorated in a modern style and equipped with top-notch amenities such as flat-screen TVs, minibars, and high-speed internet. Some rooms offer ocean views or direct pool access.<\/p>\t\t\t\t\t\t<\/div>\n\t\t\t\t<\/div>\n\t\t\t\t<div class=\"elementor-element elementor-element-7e5d092 ha-toggle--icon-left elementor-widget elementor-widget-ha-toggle happy-addon ha-toggle happy-addon-pro\" data-id=\"7e5d092\" data-element_type=\"widget\" data-settings=\"{&quot;ekit_we_effect_on&quot;:&quot;none&quot;}\" data-widget_type=\"ha-toggle.default\">\n\t\t\t\t<div class=\"elementor-widget-container\">\n\t\t\t\t\t<div class=\"ha-toggle__wrapper\" role=\"tablist\">\n\t\t\t\t\t\t\t<div class=\"ha-toggle__item\">\n\t\t\t\t\t<div id=\"ha-toggle__item-title-1321\" class=\"ha-toggle__item-title\" data-tab=\"1\" role=\"tab\" aria-controls=\"ha-toggle__item-content-1321\">\n\t\t\t\t\t\t\t\t\t\t\t\t\t<span class=\"ha-toggle__item-icon ha-toggle__icon\" aria-hidden=\"true\">\n\t\t\t\t\t\t\t\t\t\t\t\t\t\t\t\t\t<span class=\"ha-toggle__icon--closed\"><i aria-hidden=\"true\" class=\"fas fa-plus\"><\/i><\/span>\n\t\t\t\t\t\t\t\t\t\t\t\t\t\t\t\t\t\t\t\t\t\t\t\t\t<span class=\"ha-toggle__icon--opened\"><i aria-hidden=\"true\" class=\"fas fa-minus\"><\/i><\/span>\n\t\t\t\t\t\t\t\t\t\t\t\t\t\t\t<\/span>\n\t\t\t\t\t\t\t\t\t\t\t\t<div class=\"ha-toggle__item-title-inner\">\n\t\t\t\t\t\t\t\t\t\t\t\t\t\t<span class=\"ha-toggle__item-title-text\">See more<\/span>\n\t\t\t\t\t\t<\/div>\n\t\t\t\t\t<\/div>\n\t\t\t\t\t<div id=\"ha-toggle__item-content-1321\" class=\"ha-toggle__item-content\" data-tab=\"1\" role=\"tabpanel\" aria-labelledby=\"ha-toggle__item-title-1321\">\n\t\t\t\t\t\t<p>Guests can enjoy a variety of dining options, including a buffet-style restaurant, a seafood restaurant, a sushi bar, and several bars, including a swim-up bar and a rooftop bar with panoramic views.<\/p><p>The resort features several swimming pools, including a large infinity pool that seems to merge with the ocean. Other amenities include a fitness center, a spa, a yoga studio, and a variety of water sports and land activities such as kayaking, snorkeling, and beach volleyball.<\/p><p>The resort's location in San Jose del Cabo offers guests easy access to many local attractions, such as the San Jose del Cabo Art Walk, the Estero de San Jose del Cabo, and the Los Cabos Golf Club. Guests can also enjoy shopping and dining in the nearby town of San Jose del Cabo.The resort's location in Banderas Bay offers guests easy access to many local attractions, such as the Malecon boardwalk, the Church of Our Lady of Guadalupe, and the El Salado Estuary. Guests can also enjoy shopping and dining in the nearby town of Nuevo Vallarta.<\/p><p>Overall, Live Aqua Beach Resort Puerto Vallarta is a luxurious all-inclusive resort that offers a relaxing and memorable vacation experience in a beautiful beachfront setting.<\/p>\t\t\t\t\t<\/div>\n\t\t\t\t<\/div>\n\t\t\t\t\t<\/div>\n\t\t\t\t<\/div>\n\t\t\t\t<\/div>\n\t\t\t\t\t<\/div>\n\t\t<\/div>\n\t\t\t\t<div class=\"elementor-column elementor-col-50 elementor-top-column elementor-element elementor-element-8292470 animated-fast elementor-invisible\" data-id=\"8292470\" data-element_type=\"column\" data-settings=\"{&quot;animation&quot;:&quot;fadeInLeft&quot;}\">\n\t\t\t<div class=\"elementor-widget-wrap elementor-element-populated\">\n\t\t\t\t\t\t<div class=\"elementor-element elementor-element-6a944bb elementor-widget elementor-widget-image\" data-id=\"6a944bb\" data-element_type=\"widget\" data-settings=\"{&quot;ekit_we_effect_on&quot;:&quot;none&quot;}\" data-widget_type=\"image.default\">\n\t\t\t\t<div class=\"elementor-widget-container\">\n\t\t\t<style>\/*! elementor - v3.23.0 - 05-08-2024 *\/\n.elementor-widget-image{text-align:center}.elementor-widget-image a{display:inline-block}.elementor-widget-image a img[src$=\".svg\"]{width:48px}.elementor-widget-image img{vertical-align:middle;display:inline-block}<\/style>\t\t\t\t\t\t\t\t\t\t<img decoding=\"async\" src=\"https:\/\/yt3.ggpht.com\/a-\/AAuE7mBAATdzNLEhG-ePbG5NXEwKWWpQrQaTIrRzIA=s900-mo-c-c0xffffffff-rj-k-no\" title=\"\" alt=\"\" loading=\"lazy\" \/>\t\t\t\t\t\t\t\t\t\t\t\t\t<\/div>\n\t\t\t\t<\/div>\n\t\t\t\t\t<\/div>\n\t\t<\/div>\n\t\t\t\t\t<\/div>\n\t\t<\/section>\n\t\t\t\t<section data-particle_enable=\"false\" data-particle-mobile-disabled=\"false\" class=\"elementor-section elementor-top-section elementor-element elementor-element-4fc2d95 elementor-section-height-min-height elementor-section-boxed elementor-section-height-default elementor-section-items-middle\" data-id=\"4fc2d95\" data-element_type=\"section\" data-settings=\"{&quot;background_background&quot;:&quot;classic&quot;,&quot;_ha_eqh_enable&quot;:false,&quot;ekit_has_onepagescroll_dot&quot;:&quot;yes&quot;}\">\n\t\t\t\t\t\t\t<div class=\"elementor-background-overlay\"><\/div>\n\t\t\t\t\t\t\t<div class=\"elementor-container elementor-column-gap-default\">\n\t\t\t\t\t<div class=\"elementor-column elementor-col-100 elementor-top-column elementor-element elementor-element-2432cae7\" data-id=\"2432cae7\" data-element_type=\"column\">\n\t\t\t<div class=\"elementor-widget-wrap elementor-element-populated\">\n\t\t\t\t\t\t<div class=\"elementor-element elementor-element-406cc908 elementor-widget elementor-widget-heading\" data-id=\"406cc908\" data-element_type=\"widget\" data-settings=\"{&quot;ekit_we_effect_on&quot;:&quot;none&quot;}\" data-widget_type=\"heading.default\">\n\t\t\t\t<div class=\"elementor-widget-container\">\n\t\t\t<h2 class=\"elementor-heading-title elementor-size-default\">Get in touch with us to help you plan your next trip<\/h2>\t\t<\/div>\n\t\t\t\t<\/div>\n\t\t\t\t<div data-ha-element-link=\"{&quot;url&quot;:&quot;https:\\\/\\\/yestravel.us\\\/en\\\/consultar\\\/&quot;,&quot;is_external&quot;:&quot;&quot;,&quot;nofollow&quot;:&quot;&quot;,&quot;custom_attributes&quot;:&quot;&quot;}\" style=\"cursor: pointer\" class=\"elementor-element elementor-element-4dc428b6 elementor-widget elementor-widget-ha-creative-button happy-addon ha-creative-button\" data-id=\"4dc428b6\" data-element_type=\"widget\" data-settings=\"{&quot;ekit_we_effect_on&quot;:&quot;none&quot;}\" data-widget_type=\"ha-creative-button.default\">\n\t\t\t\t<div class=\"elementor-widget-container\">\n\t\t\t\t\t<div data-magnetic=\"no\" class=\"ha-creative-btn-wrap\">\n\t\t\t<a class=\"ha-creative-btn ha-stl--hermosa ha-eft--upward\" href=\"https:\/\/yestravel.us\/en\/consultar\/\" rel=\"nofollow\"><span>Consult<\/span><\/a>\n\t\t<\/div>\t\t<\/div>\n\t\t\t\t<\/div>\n\t\t\t\t\t<\/div>\n\t\t<\/div>\n\t\t\t\t\t<\/div>\n\t\t<\/section>\n\t\t\t\t<\/div>","protected":false},"excerpt":{"rendered":"<p>Live Aqua Beach Resort Puerto Vallarta Live Aqua Beach Resort Puerto Vallarta es un lujoso resort todo incluido ubicado en una playa privada en la Bah\u00eda de Banderas. El resort cuenta con un dise\u00f1o contempor\u00e1neo, comodidades de alta gama e impresionantes vistas al mar. El resort ofrece 337 habitaciones y suites, todas decoradas en un &hellip;<\/p>\n<p class=\"read-more\"> <a class=\"\" href=\"https:\/\/yestravel.us\/en\/live-aqua-beach-resort-puerto-vallarta\/\"> <span class=\"screen-reader-text\">Live Aqua Beach Resort Puerto Vallarta<\/span> Read More \u00bb<\/a><\/p>","protected":false},"author":1,"featured_media":0,"parent":0,"menu_order":0,"comment_status":"closed","ping_status":"closed","template":"","meta":{"site-sidebar-layout":"no-sidebar","site-content-layout":"page-builder","ast-site-content-layout":"","site-content-style":"default","site-sidebar-style":"default","ast-global-header-display":"","ast-banner-title-visibility":"","ast-main-header-display":"","ast-hfb-above-header-display":"","ast-hfb-below-header-display":"","ast-hfb-mobile-header-display":"","site-post-title":"disabled","ast-breadcrumbs-content":"","ast-featured-img":"disabled","footer-sml-layout":"","theme-transparent-header-meta":"enabled","adv-header-id-meta":"","stick-header-meta":"enabled","header-above-stick-meta":"","header-main-stick-meta":"disabled","header-below-stick-meta":"","astra-migrate-meta-layouts":"","_joinchat":[],"footnotes":""},"class_list":["post-2319","page","type-page","status-publish","hentry"],"_links":{"self":[{"href":"https:\/\/yestravel.us\/en\/wp-json\/wp\/v2\/pages\/2319","targetHints":{"allow":["GET"]}}],"collection":[{"href":"https:\/\/yestravel.us\/en\/wp-json\/wp\/v2\/pages"}],"about":[{"href":"https:\/\/yestravel.us\/en\/wp-json\/wp\/v2\/types\/page"}],"author":[{"embeddable":true,"href":"https:\/\/yestravel.us\/en\/wp-json\/wp\/v2\/users\/1"}],"replies":[{"embeddable":true,"href":"https:\/\/yestravel.us\/en\/wp-json\/wp\/v2\/comments?post=2319"}],"version-history":[{"count":53,"href":"https:\/\/yestravel.us\/en\/wp-json\/wp\/v2\/pages\/2319\/revisions"}],"predecessor-version":[{"id":16550,"href":"https:\/\/yestravel.us\/en\/wp-json\/wp\/v2\/pages\/2319\/revisions\/16550"}],"wp:attachment":[{"href":"https:\/\/yestravel.us\/en\/wp-json\/wp\/v2\/media?parent=2319"}],"curies":[{"name":"wp","href":"https:\/\/api.w.org\/{rel}","templated":true}]}}