{"id":2400,"date":"2023-04-03T16:21:36","date_gmt":"2023-04-03T19:21:36","guid":{"rendered":"https:\/\/dev-yestravel.pantheonsite.io\/?page_id=2400"},"modified":"2024-08-02T16:29:46","modified_gmt":"2024-08-02T19:29:46","slug":"catalonia-bavaro-beach-golf-casino-resort","status":"publish","type":"page","link":"https:\/\/yestravel.us\/en\/catalonia-bavaro-beach-golf-casino-resort\/","title":{"rendered":"Catalonia Bavaro Beach, Golf &amp; Casino Resort"},"content":{"rendered":"<div data-elementor-type=\"wp-page\" data-elementor-id=\"2400\" class=\"elementor elementor-2400\" data-elementor-post-type=\"page\">\n\t\t\t\t\t\t<section data-particle_enable=\"false\" data-particle-mobile-disabled=\"false\" class=\"elementor-section elementor-top-section elementor-element elementor-element-57db370 elementor-section-height-min-height elementor-section-boxed elementor-section-height-default elementor-section-items-middle\" data-id=\"57db370\" data-element_type=\"section\" data-settings=\"{&quot;background_background&quot;:&quot;classic&quot;,&quot;_ha_eqh_enable&quot;:false,&quot;ekit_has_onepagescroll_dot&quot;:&quot;yes&quot;}\">\n\t\t\t\t\t\t\t<div class=\"elementor-background-overlay\"><\/div>\n\t\t\t\t\t\t\t<div class=\"elementor-container elementor-column-gap-default\">\n\t\t\t\t\t<div class=\"elementor-column elementor-col-100 elementor-top-column elementor-element elementor-element-520125c6\" data-id=\"520125c6\" data-element_type=\"column\">\n\t\t\t<div class=\"elementor-widget-wrap elementor-element-populated\">\n\t\t\t\t\t\t<div class=\"elementor-element elementor-element-6f9c77fa elementor-widget__width-initial elementor-widget elementor-widget-heading\" data-id=\"6f9c77fa\" data-element_type=\"widget\" data-settings=\"{&quot;ekit_we_effect_on&quot;:&quot;none&quot;}\" data-widget_type=\"heading.default\">\n\t\t\t\t<div class=\"elementor-widget-container\">\n\t\t\t<style>\/*! elementor - v3.23.0 - 05-08-2024 *\/\n.elementor-heading-title{padding:0;margin:0;line-height:1}.elementor-widget-heading .elementor-heading-title[class*=elementor-size-]>a{color:inherit;font-size:inherit;line-height:inherit}.elementor-widget-heading .elementor-heading-title.elementor-size-small{font-size:15px}.elementor-widget-heading .elementor-heading-title.elementor-size-medium{font-size:19px}.elementor-widget-heading .elementor-heading-title.elementor-size-large{font-size:29px}.elementor-widget-heading .elementor-heading-title.elementor-size-xl{font-size:39px}.elementor-widget-heading .elementor-heading-title.elementor-size-xxl{font-size:59px}<\/style><h1 class=\"elementor-heading-title elementor-size-default\">Catalonia Bavaro Beach, Golf & Casino Resort<\/h1>\t\t<\/div>\n\t\t\t\t<\/div>\n\t\t\t\t\t<\/div>\n\t\t<\/div>\n\t\t\t\t\t<\/div>\n\t\t<\/section>\n\t\t\t\t<section data-particle_enable=\"false\" data-particle-mobile-disabled=\"false\" class=\"elementor-section elementor-top-section elementor-element elementor-element-392096a elementor-section-full_width elementor-section-height-default elementor-section-height-default\" data-id=\"392096a\" data-element_type=\"section\" data-settings=\"{&quot;background_background&quot;:&quot;classic&quot;,&quot;_ha_eqh_enable&quot;:false,&quot;ekit_has_onepagescroll_dot&quot;:&quot;yes&quot;}\">\n\t\t\t\t\t\t<div class=\"elementor-container elementor-column-gap-default\">\n\t\t\t\t\t<div class=\"elementor-column elementor-col-50 elementor-top-column elementor-element elementor-element-278e8010 animated-fast elementor-invisible\" data-id=\"278e8010\" data-element_type=\"column\" data-settings=\"{&quot;animation&quot;:&quot;fadeInLeft&quot;}\">\n\t\t\t<div class=\"elementor-widget-wrap elementor-element-populated\">\n\t\t\t\t\t\t<div class=\"elementor-element elementor-element-21bc5664 elementor-widget elementor-widget-text-editor\" data-id=\"21bc5664\" data-element_type=\"widget\" data-settings=\"{&quot;ekit_we_effect_on&quot;:&quot;none&quot;}\" data-widget_type=\"text-editor.default\">\n\t\t\t\t<div class=\"elementor-widget-container\">\n\t\t\t<style>\/*! elementor - v3.23.0 - 05-08-2024 *\/\n.elementor-widget-text-editor.elementor-drop-cap-view-stacked .elementor-drop-cap{background-color:#69727d;color:#fff}.elementor-widget-text-editor.elementor-drop-cap-view-framed .elementor-drop-cap{color:#69727d;border:3px solid;background-color:transparent}.elementor-widget-text-editor:not(.elementor-drop-cap-view-default) .elementor-drop-cap{margin-top:8px}.elementor-widget-text-editor:not(.elementor-drop-cap-view-default) .elementor-drop-cap-letter{width:1em;height:1em}.elementor-widget-text-editor .elementor-drop-cap{float:left;text-align:center;line-height:1;font-size:50px}.elementor-widget-text-editor .elementor-drop-cap-letter{display:inline-block}<\/style>\t\t\t\t<p>Catalonia Bavaro Beach, Golf &amp; Casino Resort es el resort m\u00e1s grande de la cadena Catalonia, con m\u00e1s de 700 habitaciones y suites.<\/p><p>Catalonia hotels in Punta Cana are a group of all-inclusive resorts located on the eastern coast of the Dominican Republic. With four stunning properties in the area, Catalonia hotels provide guests with a range of options to suit every taste and preference.<\/p>\t\t\t\t\t\t<\/div>\n\t\t\t\t<\/div>\n\t\t\t\t<div class=\"elementor-element elementor-element-134bca9 ha-toggle--icon-left elementor-widget elementor-widget-ha-toggle happy-addon ha-toggle happy-addon-pro\" data-id=\"134bca9\" data-element_type=\"widget\" data-settings=\"{&quot;ekit_we_effect_on&quot;:&quot;none&quot;}\" data-widget_type=\"ha-toggle.default\">\n\t\t\t\t<div class=\"elementor-widget-container\">\n\t\t\t\t\t<div class=\"ha-toggle__wrapper\" role=\"tablist\">\n\t\t\t\t\t\t\t<div class=\"ha-toggle__item\">\n\t\t\t\t\t<div id=\"ha-toggle__item-title-2021\" class=\"ha-toggle__item-title\" data-tab=\"1\" role=\"tab\" aria-controls=\"ha-toggle__item-content-2021\">\n\t\t\t\t\t\t\t\t\t\t\t\t\t<span class=\"ha-toggle__item-icon ha-toggle__icon\" aria-hidden=\"true\">\n\t\t\t\t\t\t\t\t\t\t\t\t\t\t\t\t\t<span class=\"ha-toggle__icon--closed\"><i aria-hidden=\"true\" class=\"fas fa-plus\"><\/i><\/span>\n\t\t\t\t\t\t\t\t\t\t\t\t\t\t\t\t\t\t\t\t\t\t\t\t\t<span class=\"ha-toggle__icon--opened\"><i aria-hidden=\"true\" class=\"fas fa-minus\"><\/i><\/span>\n\t\t\t\t\t\t\t\t\t\t\t\t\t\t\t<\/span>\n\t\t\t\t\t\t\t\t\t\t\t\t<div class=\"ha-toggle__item-title-inner\">\n\t\t\t\t\t\t\t\t\t\t\t\t\t\t<span class=\"ha-toggle__item-title-text\">See more<\/span>\n\t\t\t\t\t\t<\/div>\n\t\t\t\t\t<\/div>\n\t\t\t\t\t<div id=\"ha-toggle__item-content-2021\" class=\"ha-toggle__item-content\" data-tab=\"1\" role=\"tabpanel\" aria-labelledby=\"ha-toggle__item-title-2021\">\n\t\t\t\t\t\t<p>The Catalonia Hotels in Punta Cana are a group of all-inclusive resorts located on the east coast of the Dominican Republic. With four impressive properties in the area, Catalonia Hotels provide guests with a wide range of options to satisfy all tastes and preferences.<\/p><p>The hotels in the Catalonia chain in Punta Cana feature spacious and beautifully decorated guest rooms and suites, all equipped with modern amenities such as air conditioning, flat-screen TVs, and minibars. Guests can choose from a range of room categories, including superior rooms, deluxe rooms, and exclusive suites with private plunge pools.<\/p><p>The Catalonia hotels in Punta Cana offer guests a variety of dining options, with a range of restaurants and bars serving delicious cuisine and refreshing drinks. From international buffets to specialty restaurants, there is something to suit every taste and preference. Guests can also enjoy a variety of snacks and drinks throughout the day at the hotel's beach and pool bars.<\/p><p>The Catalonia hotels in Punta Cana offer a range of top-notch amenities and facilities, including swimming pools, fitness centers, spas, and kids' clubs. Guests can also enjoy a variety of water sports and beach activities, such as snorkeling, windsurfing, and kayaking, all arranged by the hotel's friendly and knowledgeable staff.<\/p>\t\t\t\t\t<\/div>\n\t\t\t\t<\/div>\n\t\t\t\t\t<\/div>\n\t\t\t\t<\/div>\n\t\t\t\t<\/div>\n\t\t\t\t\t<\/div>\n\t\t<\/div>\n\t\t\t\t<div class=\"elementor-column elementor-col-50 elementor-top-column elementor-element elementor-element-2b74675 animated-fast elementor-invisible\" data-id=\"2b74675\" data-element_type=\"column\" data-settings=\"{&quot;animation&quot;:&quot;fadeInLeft&quot;}\">\n\t\t\t<div class=\"elementor-widget-wrap elementor-element-populated\">\n\t\t\t\t\t\t<div class=\"elementor-element elementor-element-95e98f6 elementor-widget elementor-widget-image\" data-id=\"95e98f6\" data-element_type=\"widget\" data-settings=\"{&quot;ekit_we_effect_on&quot;:&quot;none&quot;}\" data-widget_type=\"image.default\">\n\t\t\t\t<div class=\"elementor-widget-container\">\n\t\t\t<style>\/*! elementor - v3.23.0 - 05-08-2024 *\/\n.elementor-widget-image{text-align:center}.elementor-widget-image a{display:inline-block}.elementor-widget-image a img[src$=\".svg\"]{width:48px}.elementor-widget-image img{vertical-align:middle;display:inline-block}<\/style>\t\t\t\t\t\t\t\t\t\t<img decoding=\"async\" src=\"https:\/\/th.bing.com\/th\/id\/R.105c90dbf85ef4a0554368f43dd728c5?rik=AsU7Zay3ECGRuA&#038;pid=ImgRaw&#038;r=0\" title=\"\" alt=\"\" loading=\"lazy\" \/>\t\t\t\t\t\t\t\t\t\t\t\t\t<\/div>\n\t\t\t\t<\/div>\n\t\t\t\t\t<\/div>\n\t\t<\/div>\n\t\t\t\t\t<\/div>\n\t\t<\/section>\n\t\t\t\t<section data-particle_enable=\"false\" data-particle-mobile-disabled=\"false\" class=\"elementor-section elementor-top-section elementor-element elementor-element-5bb5faf elementor-section-height-min-height elementor-section-boxed elementor-section-height-default elementor-section-items-middle\" data-id=\"5bb5faf\" data-element_type=\"section\" data-settings=\"{&quot;background_background&quot;:&quot;classic&quot;,&quot;_ha_eqh_enable&quot;:false,&quot;ekit_has_onepagescroll_dot&quot;:&quot;yes&quot;}\">\n\t\t\t\t\t\t\t<div class=\"elementor-background-overlay\"><\/div>\n\t\t\t\t\t\t\t<div class=\"elementor-container elementor-column-gap-default\">\n\t\t\t\t\t<div class=\"elementor-column elementor-col-100 elementor-top-column elementor-element elementor-element-54c2a03d\" data-id=\"54c2a03d\" data-element_type=\"column\">\n\t\t\t<div class=\"elementor-widget-wrap elementor-element-populated\">\n\t\t\t\t\t\t<div class=\"elementor-element elementor-element-3dfa1685 elementor-widget elementor-widget-heading\" data-id=\"3dfa1685\" data-element_type=\"widget\" data-settings=\"{&quot;ekit_we_effect_on&quot;:&quot;none&quot;}\" data-widget_type=\"heading.default\">\n\t\t\t\t<div class=\"elementor-widget-container\">\n\t\t\t<h2 class=\"elementor-heading-title elementor-size-default\">Get in touch with us to help you plan your next trip<\/h2>\t\t<\/div>\n\t\t\t\t<\/div>\n\t\t\t\t<div data-ha-element-link=\"{&quot;url&quot;:&quot;https:\\\/\\\/yestravel.us\\\/en\\\/consultar\\\/&quot;,&quot;is_external&quot;:&quot;&quot;,&quot;nofollow&quot;:&quot;&quot;,&quot;custom_attributes&quot;:&quot;&quot;}\" style=\"cursor: pointer\" class=\"elementor-element elementor-element-38253715 elementor-widget elementor-widget-ha-creative-button happy-addon ha-creative-button\" data-id=\"38253715\" data-element_type=\"widget\" data-settings=\"{&quot;ekit_we_effect_on&quot;:&quot;none&quot;}\" data-widget_type=\"ha-creative-button.default\">\n\t\t\t\t<div class=\"elementor-widget-container\">\n\t\t\t\t\t<div data-magnetic=\"no\" class=\"ha-creative-btn-wrap\">\n\t\t\t<a class=\"ha-creative-btn ha-stl--hermosa ha-eft--upward\" href=\"https:\/\/yestravel.us\/en\/consultar\/\" rel=\"nofollow\"><span>Consult<\/span><\/a>\n\t\t<\/div>\t\t<\/div>\n\t\t\t\t<\/div>\n\t\t\t\t\t<\/div>\n\t\t<\/div>\n\t\t\t\t\t<\/div>\n\t\t<\/section>\n\t\t\t\t<\/div>","protected":false},"excerpt":{"rendered":"<p>Catalonia Bavaro Beach, Golf &#038; Casino Resort Catalonia Bavaro Beach, Golf &amp; Casino Resort es el resort m\u00e1s grande de la cadena Catalonia, con m\u00e1s de 700 habitaciones y suites. Los hoteles Catalonia en Punta Cana est\u00e1n ubicados en algunas de las playas m\u00e1s hermosas de la Rep\u00fablica Dominicana, con aguas turquesas y arena blanca. &hellip;<\/p>\n<p class=\"read-more\"> <a class=\"\" href=\"https:\/\/yestravel.us\/en\/catalonia-bavaro-beach-golf-casino-resort\/\"> <span class=\"screen-reader-text\">Catalonia Bavaro Beach, Golf &amp; Casino Resort<\/span> Read More \u00bb<\/a><\/p>","protected":false},"author":1,"featured_media":0,"parent":0,"menu_order":0,"comment_status":"closed","ping_status":"closed","template":"","meta":{"site-sidebar-layout":"no-sidebar","site-content-layout":"page-builder","ast-site-content-layout":"","site-content-style":"default","site-sidebar-style":"default","ast-global-header-display":"","ast-banner-title-visibility":"","ast-main-header-display":"","ast-hfb-above-header-display":"","ast-hfb-below-header-display":"","ast-hfb-mobile-header-display":"","site-post-title":"disabled","ast-breadcrumbs-content":"","ast-featured-img":"disabled","footer-sml-layout":"","theme-transparent-header-meta":"enabled","adv-header-id-meta":"","stick-header-meta":"enabled","header-above-stick-meta":"","header-main-stick-meta":"disabled","header-below-stick-meta":"","astra-migrate-meta-layouts":"","_joinchat":[],"footnotes":""},"class_list":["post-2400","page","type-page","status-publish","hentry"],"_links":{"self":[{"href":"https:\/\/yestravel.us\/en\/wp-json\/wp\/v2\/pages\/2400","targetHints":{"allow":["GET"]}}],"collection":[{"href":"https:\/\/yestravel.us\/en\/wp-json\/wp\/v2\/pages"}],"about":[{"href":"https:\/\/yestravel.us\/en\/wp-json\/wp\/v2\/types\/page"}],"author":[{"embeddable":true,"href":"https:\/\/yestravel.us\/en\/wp-json\/wp\/v2\/users\/1"}],"replies":[{"embeddable":true,"href":"https:\/\/yestravel.us\/en\/wp-json\/wp\/v2\/comments?post=2400"}],"version-history":[{"count":86,"href":"https:\/\/yestravel.us\/en\/wp-json\/wp\/v2\/pages\/2400\/revisions"}],"predecessor-version":[{"id":16141,"href":"https:\/\/yestravel.us\/en\/wp-json\/wp\/v2\/pages\/2400\/revisions\/16141"}],"wp:attachment":[{"href":"https:\/\/yestravel.us\/en\/wp-json\/wp\/v2\/media?parent=2400"}],"curies":[{"name":"wp","href":"https:\/\/api.w.org\/{rel}","templated":true}]}}